{"id":606,"date":"2020-09-08T11:27:04","date_gmt":"2020-09-08T11:27:04","guid":{"rendered":"https:\/\/parkingestacionalicante.es\/politique-de-confidentialite\/"},"modified":"2023-07-25T08:00:42","modified_gmt":"2023-07-25T08:00:42","slug":"politique-de-confidentialite","status":"publish","type":"page","link":"https:\/\/parkingestacionalicante.es\/fr\/politique-de-confidentialite\/","title":{"rendered":"Politique de Confidentialit\u00e9"},"content":{"rendered":"\n<h2 class=\"wp-block-heading\">1. Introduction<\/h2>\n\n<p>Cette politique de confidentialit\u00e9 vise \u00e0 informer les utilisateurs qui visitent notre site Web des conditions du groupe Vectalia applicables \u00e0 toutes les donn\u00e9es personnelles qu&#8217;il traite, ainsi que des droits des parties int\u00e9ress\u00e9es (propri\u00e9taires desdites donn\u00e9es) et de la mani\u00e8re dont elles peuvent les exercer.<\/p>\n\n<h2 class=\"wp-block-heading\">2. Responsable du Traitement des donn\u00e9es.<\/h2>\n\n<h3 class=\"wp-block-heading\"><\/h3>\n\n<ol class=\"wp-block-list\">\n<li>Identit\u00e9 du Responsable: Corporaci\u00f3n Empresarial Vectalia S.A.<\/li>\n\n\n\n<li>NIF\/CIF: A03002094<\/li>\n\n\n\n<li>Enregistr\u00e9e au Registre du Commerce d&#8217;Alicante, page A-2317, volume 1207 et page 11<\/li>\n\n\n\n<li>Adresse: Avda. de Denia, 155<\/li>\n\n\n\n<li>Courrier \u00e9lectronique: info@parkingestacionalicante.es<\/li>\n\n\n\n<li>URL: <a href=\"https:\/\/www.vectalia.es\/\" target=\"_blank\" rel=\"noreferrer noopener\">https:\/\/www.vectalia.es\/<\/a><\/li>\n<\/ol>\n\n<h2 class=\"wp-block-heading\">3. Traitement des donn\u00e9es<\/h2>\n\n<p>LA SOCI\u00c9T\u00c9 s&#8217;engage \u00e0 traiter vos donn\u00e9es de mani\u00e8re confidentielle et conform\u00e9ment aux exigences \u00e9tablies dans la l\u00e9gislation applicable en mati\u00e8re de protection des donn\u00e9es, principalement le r\u00e8glement 2016\/679 du Parlement europ\u00e9en et du Conseil du 27 avril 2016 relatif \u00e0 la protection des personnes physiques \u00e0 l&#8217;\u00e9gard du traitement des donn\u00e9es \u00e0 caract\u00e8re personnel et de la circulation de ces donn\u00e9es (RGPD), la loi organique 3\/2018 relative \u00e0 la protection des donn\u00e9es personnelles et \u00e0 la garantie des droits num\u00e9riques (LOPDGDD) et ses r\u00e8glements de d\u00e9veloppement, ainsi que la loi 34\/2002, du 11 juillet, sur les droits de services de la soci\u00e9t\u00e9 de l&#8217;information et du commerce \u00e9lectronique (LSSI).<\/p>\n\n<p><br\/>Les donn\u00e9es personnelles seront trait\u00e9es de mani\u00e8re loyale, licite et transparente vis-\u00e0-vis de l&#8217;int\u00e9ress\u00e9 et seront collect\u00e9es \u00e0 des fins sp\u00e9cifiques, explicites et l\u00e9gitimes, de sorte qu&#8217;elles ne pourront pas \u00eatre trait\u00e9es de mani\u00e8re incompatible avec lesdites finalit\u00e9s.<\/p>\n\n<p><br\/>Les donn\u00e9es collect\u00e9es aupr\u00e8s de chaque partie int\u00e9ress\u00e9e seront ad\u00e9quates, pertinentes et non excessives par rapport aux finalit\u00e9s correspondantes pour chaque cas, et seront mises \u00e0 jour chaque fois que n\u00e9cessaire. Dans les cas o\u00f9 cela est obligatoire selon la l\u00e9gislation applicable, le consentement des int\u00e9ress\u00e9s doit \u00eatre obtenu avant de collecter leurs donn\u00e9es.<\/p>\n\n<h3 class=\"wp-block-heading\">3.1. Droits des parties int\u00e9ress\u00e9es<\/h3>\n\n<h3 class=\"wp-block-heading\"><\/h3>\n\n<p>Toute personne int\u00e9ress\u00e9e peut retirer son consentement \u00e0 tout moment lorsqu&#8217;il a \u00e9t\u00e9 accord\u00e9 pour le traitement de ses donn\u00e9es. En aucun cas le retrait de ce consentement ne conditionne l&#8217;ex\u00e9cution des contrats auxquels il est partie prenante ou des relations g\u00e9n\u00e9r\u00e9es ant\u00e9rieurement.<br\/><\/p>\n\n<p>Dans le cas de communications commerciales, les parties int\u00e9ress\u00e9es peuvent retirer leur consentement automatiquement en acc\u00e9dant au lien ou en cochant la case qui l&#8217;avertit dans chacune de ces communications, ou en utilisant le formulaire correspondant dans les applications ou les pages Web.<br\/><\/p>\n\n<p>L&#8217;int\u00e9ress\u00e9 peut \u00e9galement r\u00e9voquer le consentement donn\u00e9, ainsi qu&#8217;exercer ses droits d&#8217;acc\u00e8s, de rectification, de suppression, d&#8217;opposition, de portabilit\u00e9 et de limitation, et en g\u00e9n\u00e9ral consulter toutes les questions li\u00e9es au traitement de ses donn\u00e9es personnelles, devant le responsable du traitement, en envoyant un courrier \u00e9lectronique \u00e0 <a data-type=\"mailto\" data-id=\"mailto:rgpd@vectalia.es\" href=\"mailto:rgpd@vectalia.es\" target=\"_blank\" rel=\"noreferrer noopener\">rgpd@vectalia.es<\/a> en indiquant vos donn\u00e9es personnelles et le droit que vous souhaitez exercer.<br\/><\/p>\n\n<p>Vous pouvez \u00e9galement d\u00e9poser une r\u00e9clamation aupr\u00e8s de l&#8217;Agence espagnole de protection des donn\u00e9es, pour laquelle vous disposez des informations n\u00e9cessaires sur: <a href=\"http:\/\/www.agpd.es\" target=\"_blank\" rel=\"noreferrer noopener\">http:\/\/www.agpd.es<\/a>.<\/p>\n\n<h3 class=\"wp-block-heading\">4.2. 3.2 P\u00e9riode de conservation des donn\u00e9es<\/h3>\n\n<p>Les donn\u00e9es personnelles trait\u00e9es seront conserv\u00e9es pendant le temps n\u00e9cessaire \u00e0 la r\u00e9alisation de la finalit\u00e9 pour laquelle elles ont \u00e9t\u00e9 collect\u00e9es. Une fois cette finalit\u00e9 \u00e9teinte, elles seront conserv\u00e9es pendant les d\u00e9lais l\u00e9galement \u00e9tablis pour faire face aux \u00e9ventuelles responsabilit\u00e9s pouvant d\u00e9couler de ladite finalit\u00e9 et du traitement des donn\u00e9es. Pendant ce temps, les donn\u00e9es resteront d\u00fbment bloqu\u00e9es, \u00e9tant conserv\u00e9es uniquement \u00e0 la disposition des administrations publiques, des juges et des tribunaux, pour faire face \u00e0 ces responsabilit\u00e9s.<br\/>Une fois ces d\u00e9lais \u00e9coul\u00e9s, les donn\u00e9es seront d\u00e9truites.<\/p>\n\n<h3 class=\"wp-block-heading\">4.3. 3.3. Finalit\u00e9s, l\u00e9gitimation, destinataires et origine des donn\u00e9es<\/h3>\n\n<p>Les donn\u00e9es personnelles dont Vectalia est responsable du traitement proviennent de diff\u00e9rentes sources, telles que d\u00e9crites tout au long de la pr\u00e9sente politique de confidentialit\u00e9, aux fins indiqu\u00e9es ci-dessous, dans la mesure o\u00f9 il existe une base l\u00e9gale pour chaque traitement.<\/p>\n\n<h4 class=\"wp-block-heading\">Formulaire \u201cNewsletter\u201d.<\/h4>\n\n<p>Objectif : G\u00e9rer l&#8217;abonnement pour envoyer des communications avec des informations sur les incidents et des informations relatives au service Vectalia en fonction de la localisation g\u00e9ographique de l&#8217;int\u00e9ress\u00e9.<br\/>L\u00e9gitimation : Le consentement de l&#8217;int\u00e9ress\u00e9 lors de la souscription \u00e0 l&#8217;envoi d&#8217;informations via notre formulaire.<\/p>\n\n<h4 class=\"wp-block-heading\">Formulaire \u201cContact\u201d<\/h4>\n\n<p>Objectif : g\u00e9rer et r\u00e9soudre les suggestions, r\u00e9clamations et demandes d&#8217;informations envoy\u00e9es par l&#8217;int\u00e9ress\u00e9 via le formulaire sur le site Web du groupe.<br\/>L\u00e9gitimation : Le consentement de l&#8217;int\u00e9ress\u00e9.<\/p>\n\n<h4 class=\"wp-block-heading\">Formulaire \u201cDemande d\u2019abonnement\u201d.<\/h4>\n\n<p>Objet : G\u00e9rer les demandes li\u00e9es aux laissez-passer disponibles selon les tarifs approuv\u00e9s.<br\/>L\u00e9gitimation : Le consentement de l&#8217;int\u00e9ress\u00e9 pour traiter ses demandes.<\/p>\n\n<h4 class=\"wp-block-heading\">Enqu\u00eates de satisfaction:<\/h4>\n\n<p>Finalit\u00e9 : envoyer des enqu\u00eates de satisfaction aux utilisateurs pour l&#8217;analyse et l&#8217;am\u00e9lioration des services propos\u00e9s.<br\/>L\u00e9gitimation : int\u00e9r\u00eat l\u00e9gitime du responsable du traitement.<\/p>\n\n<h2 class=\"wp-block-heading\">Vos coordonn\u00e9es<\/h2>\n\n<h2 class=\"wp-block-heading\">4 Donn\u00e9es de navigation et politique de cookies.<\/h2>\n\n<p>La visite du site Web Parking de l\u2019Avenue de la Station se fait de mani\u00e8re anonyme. Uniquement dans le cas o\u00f9 l&#8217;utilisateur acc\u00e8de \u00e0 l&#8217;un des services Web ayant une gestion ou une proc\u00e9dure sp\u00e9cifique, il devra fournir les donn\u00e9es personnelles essentielles \u00e0 la prestation du service demand\u00e9.<br\/><\/p>\n\n<p>Pour plus d&#8217;informations sur les cookies, visitez notre &#8220;<a data-type=\"URL\" data-id=\"\/politica-de-cookies\/\" href=\"https:\/\/parkingestacionalicante.es\/fr\/politique-des-cookies\/\">Politique de cookies<\/a>&#8221; Le portail Web contient des liens vers des pages Web de tiers, dont les politiques de confidentialit\u00e9 ne sont pas li\u00e9es \u00e0 celle-ci. En acc\u00e9dant \u00e0 ces sites Web, vous pouvez d\u00e9cider si vous acceptez leurs politiques de<br\/>confidentialit\u00e9 et de cookies. De mani\u00e8re g\u00e9n\u00e9rale, si vous naviguez sur Internet vous pouvez accepter ou refuser les cookies tiers depuis les options de configuration de votre navigateur.<\/p>\n\n<h2 class=\"wp-block-heading\">5. Mineurs.<\/h2>\n\n<p>Seul le traitement des donn\u00e9es des personnes de plus de 14 ans est pr\u00e9vu. Les mineurs de moins de cet \u00e2ge ne doivent pas s&#8217;inscrire ou utiliser les services propos\u00e9s sur ce site Web.<\/p>\n\n<h2 class=\"wp-block-heading\">6. Donn\u00e9es fournies par l&#8217;utilisateur.<\/h2>\n\n<p>Les donn\u00e9es personnelles demand\u00e9es dans les formulaires sont n\u00e9cessaires pour g\u00e9rer vos demandes et\/ou vous fournir les services du contrat. En cas de refus de cette politique de confidentialit\u00e9, l&#8217;utilisateur doit informer le responsable du traitement de toute modification de ses donn\u00e9es personnelles. Corporaci\u00f3n Empresarial Vectalia, S.A., n&#8217;est pas responsable des<br\/>erreurs qui auraient pu se produire \u00e0 la suite du traitement des donn\u00e9es dont la modification n&#8217;avait pas \u00e9t\u00e9 notifi\u00e9e en temps opportun par l&#8217;int\u00e9ress\u00e9. <\/p>\n\n<p><\/p>\n\n<p>Les donn\u00e9es fournies par l&#8217;int\u00e9ress\u00e9 seront pr\u00e9sum\u00e9es correctes, par cons\u00e9quent, dans le cas o\u00f9 elles seraient erron\u00e9es, LA SOCI\u00c9T\u00c9 d\u00e9cline toute responsabilit\u00e9 pour l&#8217;ex\u00e9cution incorrecte ou la non-ex\u00e9cution de ses demandes ou du contrat.<br\/><\/p>\n\n<p>En outre, l&#8217;int\u00e9ress\u00e9 est responsable de la v\u00e9racit\u00e9 des donn\u00e9es fournies. LA SOCI\u00c9T\u00c9 SE R\u00c9SERVE le droit d&#8217;exclure des services qu&#8217;elle fournit \u00e0 tout int\u00e9ress\u00e9 qui aurait fourni de fausses informations, sans pr\u00e9judice des autres actions pr\u00e9vues par la loi.<\/p>\n\n<p><br\/>Nous ne sommes pas responsables de la politique de confidentialit\u00e9 concernant les donn\u00e9es personnelles qui peuvent \u00eatre fournies \u00e0 des tiers via les liens disponibles sur notre site Web.<\/p>\n\n<h2 class=\"wp-block-heading\">7. Communications des donn\u00e9es.<\/h2>\n\n<p>Les donn\u00e9es personnelles de l&#8217;utilisateur peuvent \u00eatre communiqu\u00e9es \u00e0 d&#8217;autres soci\u00e9t\u00e9s du groupe Vectalia dans le seul but de contribuer \u00e0 la fourniture des services propos\u00e9s et de g\u00e9rer les demandes et les incidents.<br\/><\/p>\n\n<p>Les donn\u00e9es peuvent \u00eatre communiqu\u00e9es aux autorit\u00e9s ou administrations publiques, aux forces et organismes de s\u00e9curit\u00e9, aux autorit\u00e9s judiciaires dans les cas pr\u00e9vus par la loi.<\/p>\n\n<p>Aucun transfert international de donn\u00e9es n&#8217;est pr\u00e9vu.<\/p>\n\n<h2 class=\"wp-block-heading\">8. Cat\u00e9gories particuli\u00e8res de donn\u00e9es.<\/h2>\n\n<p>Le traitement des donn\u00e9es personnelles sp\u00e9cialement prot\u00e9g\u00e9es n&#8217;est pas pr\u00e9vu, telles que celles qui r\u00e9v\u00e8lent la race, l&#8217;origine ethnique, les opinions politiques, les convictions ou croyances religieuses ou philosophiques, l&#8217;appartenance syndicale, les donn\u00e9es g\u00e9n\u00e9tiques, les donn\u00e9es biom\u00e9triques, les donn\u00e9es relatives \u00e0 la sant\u00e9 physique ou mentale, les donn\u00e9es relatives \u00e0 la vie sexuelle ou \u00e0 l&#8217;orientation sexuelle d&#8217;une personne physique, les donn\u00e9es relatives aux condamnations p\u00e9nales ou aux infractions.<\/p>\n\n<p><br\/>En aucun cas, ces informations ne seront requises par le responsable sans le consentement expr\u00e8s du propri\u00e9taire desdites donn\u00e9es (que ce soit au moyen d&#8217;une d\u00e9claration ou d&#8217;une action affirmative claire), pour collecter et utiliser ces informations, en lui communiquant pr\u00e9alablement et sans \u00e9quivoque le but de la collecte et du traitement desdites informations.<br\/><\/p>\n\n<p>Dans le cas o\u00f9, sans avoir \u00e9t\u00e9 demand\u00e9es par le Groupe Vectalia, ces informations sont volontairement communiqu\u00e9es par l&#8217;utilisateur \u00e0 l&#8217;entit\u00e9 susmentionn\u00e9e, ladite communication impliquera un acte explicite de l&#8217;utilisateur qui implique l&#8217;existence d&#8217;une manifestation de consentement expr\u00e8s de l&#8217;utilisateur concernant le traitement de ses donn\u00e9es par le Groupe Vectalia.<\/p>\n\n<h2 class=\"wp-block-heading\">9. Modification de la politique de confidentialit\u00e9.<\/h2>\n\n<p>Cette politique de confidentialit\u00e9 peut varier en fonction des exigences l\u00e9gislatives ou d&#8217;autor\u00e9gulation, il est donc conseill\u00e9 aux utilisateurs de notre site Web de la visiter p\u00e9riodiquement et, dans tous les cas, chaque fois qu&#8217;ils nous fournissent leurs donn\u00e9es (17 novembre 2022).<\/p>\n","protected":false},"excerpt":{"rendered":"<p>1. Introduction Cette politique de confidentialit\u00e9 vise \u00e0 informer les utilisateurs qui visitent notre site Web des conditions du groupe Vectalia applicables \u00e0 toutes les donn\u00e9es<span class=\"excerpt-hellip\"> [\u2026]<\/span><\/p>\n","protected":false},"author":1,"featured_media":0,"parent":0,"menu_order":0,"comment_status":"open","ping_status":"closed","template":"","meta":{"footnotes":""},"class_list":["post-606","page","type-page","status-publish","hentry"],"yoast_head":"<!-- This site is optimized with the Yoast SEO plugin v26.4 - https:\/\/yoast.com\/wordpress\/plugins\/seo\/ -->\n<title>Politique de Confidentialit\u00e9 - Parking Avenida de la Estaci\u00f3n de Alicante<\/title>\n<meta name=\"robots\" content=\"index, follow, max-snippet:-1, max-image-preview:large, max-video-preview:-1\" \/>\n<link rel=\"canonical\" href=\"https:\/\/parkingestacionalicante.es\/fr\/politique-de-confidentialite\/\" \/>\n<meta property=\"og:locale\" content=\"fr_FR\" \/>\n<meta property=\"og:type\" content=\"article\" \/>\n<meta property=\"og:title\" content=\"Politique de Confidentialit\u00e9 - Parking Avenida de la Estaci\u00f3n de Alicante\" \/>\n<meta property=\"og:description\" content=\"1. Introduction Cette politique de confidentialit\u00e9 vise \u00e0 informer les utilisateurs qui visitent notre site Web des conditions du groupe Vectalia applicables \u00e0 toutes les donn\u00e9es [\u2026]\" \/>\n<meta property=\"og:url\" content=\"https:\/\/parkingestacionalicante.es\/fr\/politique-de-confidentialite\/\" \/>\n<meta property=\"og:site_name\" content=\"Parking Avenida de la Estaci\u00f3n de Alicante\" \/>\n<meta property=\"article:modified_time\" content=\"2023-07-25T08:00:42+00:00\" \/>\n<meta name=\"twitter:card\" content=\"summary_large_image\" \/>\n<meta name=\"twitter:label1\" content=\"Est. reading time\" \/>\n\t<meta name=\"twitter:data1\" content=\"8 minutes\" \/>\n<script type=\"application\/ld+json\" class=\"yoast-schema-graph\">{\"@context\":\"https:\/\/schema.org\",\"@graph\":[{\"@type\":\"WebPage\",\"@id\":\"https:\/\/parkingestacionalicante.es\/fr\/politique-de-confidentialite\/\",\"url\":\"https:\/\/parkingestacionalicante.es\/fr\/politique-de-confidentialite\/\",\"name\":\"Politique de Confidentialit\u00e9 - Parking Avenida de la Estaci\u00f3n de Alicante\",\"isPartOf\":{\"@id\":\"https:\/\/parkingestacionalicante.es\/fr\/#website\"},\"datePublished\":\"2020-09-08T11:27:04+00:00\",\"dateModified\":\"2023-07-25T08:00:42+00:00\",\"breadcrumb\":{\"@id\":\"https:\/\/parkingestacionalicante.es\/fr\/politique-de-confidentialite\/#breadcrumb\"},\"inLanguage\":\"fr-FR\",\"potentialAction\":[{\"@type\":\"ReadAction\",\"target\":[\"https:\/\/parkingestacionalicante.es\/fr\/politique-de-confidentialite\/\"]}]},{\"@type\":\"BreadcrumbList\",\"@id\":\"https:\/\/parkingestacionalicante.es\/fr\/politique-de-confidentialite\/#breadcrumb\",\"itemListElement\":[{\"@type\":\"ListItem\",\"position\":1,\"name\":\"Portada\",\"item\":\"https:\/\/parkingestacionalicante.es\/fr\/\"},{\"@type\":\"ListItem\",\"position\":2,\"name\":\"Politique de Confidentialit\u00e9\"}]},{\"@type\":\"WebSite\",\"@id\":\"https:\/\/parkingestacionalicante.es\/fr\/#website\",\"url\":\"https:\/\/parkingestacionalicante.es\/fr\/\",\"name\":\"Parking Avenida de la Estaci\u00f3n, Alicante\",\"description\":\"El Parking de la estaci\u00f3n de Alicante\",\"publisher\":{\"@id\":\"https:\/\/parkingestacionalicante.es\/fr\/#organization\"},\"alternateName\":\"Parking de la Estaci\u00f3n Alicante\",\"potentialAction\":[{\"@type\":\"SearchAction\",\"target\":{\"@type\":\"EntryPoint\",\"urlTemplate\":\"https:\/\/parkingestacionalicante.es\/fr\/?s={search_term_string}\"},\"query-input\":{\"@type\":\"PropertyValueSpecification\",\"valueRequired\":true,\"valueName\":\"search_term_string\"}}],\"inLanguage\":\"fr-FR\"},{\"@type\":\"Organization\",\"@id\":\"https:\/\/parkingestacionalicante.es\/fr\/#organization\",\"name\":\"Parking Avenida de la Estaci\u00f3n, Vectalia.\",\"alternateName\":\"Parking Avenida de la Estaci\u00f3n, Vectalia.\",\"url\":\"https:\/\/parkingestacionalicante.es\/fr\/\",\"logo\":{\"@type\":\"ImageObject\",\"inLanguage\":\"fr-FR\",\"@id\":\"https:\/\/parkingestacionalicante.es\/fr\/#\/schema\/logo\/image\/\",\"url\":\"https:\/\/parkingestacionalicante.es\/wp-content\/uploads\/2022\/11\/cropped-LOGO-PARKING-AVDA-ESTACION.png\",\"contentUrl\":\"https:\/\/parkingestacionalicante.es\/wp-content\/uploads\/2022\/11\/cropped-LOGO-PARKING-AVDA-ESTACION.png\",\"width\":2287,\"height\":552,\"caption\":\"Parking Avenida de la Estaci\u00f3n, Vectalia.\"},\"image\":{\"@id\":\"https:\/\/parkingestacionalicante.es\/fr\/#\/schema\/logo\/image\/\"}}]}<\/script>\n<!-- \/ Yoast SEO plugin. -->","yoast_head_json":{"title":"Politique de Confidentialit\u00e9 - Parking Avenida de la Estaci\u00f3n de Alicante","robots":{"index":"index","follow":"follow","max-snippet":"max-snippet:-1","max-image-preview":"max-image-preview:large","max-video-preview":"max-video-preview:-1"},"canonical":"https:\/\/parkingestacionalicante.es\/fr\/politique-de-confidentialite\/","og_locale":"fr_FR","og_type":"article","og_title":"Politique de Confidentialit\u00e9 - Parking Avenida de la Estaci\u00f3n de Alicante","og_description":"1. Introduction Cette politique de confidentialit\u00e9 vise \u00e0 informer les utilisateurs qui visitent notre site Web des conditions du groupe Vectalia applicables \u00e0 toutes les donn\u00e9es [\u2026]","og_url":"https:\/\/parkingestacionalicante.es\/fr\/politique-de-confidentialite\/","og_site_name":"Parking Avenida de la Estaci\u00f3n de Alicante","article_modified_time":"2023-07-25T08:00:42+00:00","twitter_card":"summary_large_image","twitter_misc":{"Est. reading time":"8 minutes"},"schema":{"@context":"https:\/\/schema.org","@graph":[{"@type":"WebPage","@id":"https:\/\/parkingestacionalicante.es\/fr\/politique-de-confidentialite\/","url":"https:\/\/parkingestacionalicante.es\/fr\/politique-de-confidentialite\/","name":"Politique de Confidentialit\u00e9 - Parking Avenida de la Estaci\u00f3n de Alicante","isPartOf":{"@id":"https:\/\/parkingestacionalicante.es\/fr\/#website"},"datePublished":"2020-09-08T11:27:04+00:00","dateModified":"2023-07-25T08:00:42+00:00","breadcrumb":{"@id":"https:\/\/parkingestacionalicante.es\/fr\/politique-de-confidentialite\/#breadcrumb"},"inLanguage":"fr-FR","potentialAction":[{"@type":"ReadAction","target":["https:\/\/parkingestacionalicante.es\/fr\/politique-de-confidentialite\/"]}]},{"@type":"BreadcrumbList","@id":"https:\/\/parkingestacionalicante.es\/fr\/politique-de-confidentialite\/#breadcrumb","itemListElement":[{"@type":"ListItem","position":1,"name":"Portada","item":"https:\/\/parkingestacionalicante.es\/fr\/"},{"@type":"ListItem","position":2,"name":"Politique de Confidentialit\u00e9"}]},{"@type":"WebSite","@id":"https:\/\/parkingestacionalicante.es\/fr\/#website","url":"https:\/\/parkingestacionalicante.es\/fr\/","name":"Parking Avenida de la Estaci\u00f3n, Alicante","description":"El Parking de la estaci\u00f3n de Alicante","publisher":{"@id":"https:\/\/parkingestacionalicante.es\/fr\/#organization"},"alternateName":"Parking de la Estaci\u00f3n Alicante","potentialAction":[{"@type":"SearchAction","target":{"@type":"EntryPoint","urlTemplate":"https:\/\/parkingestacionalicante.es\/fr\/?s={search_term_string}"},"query-input":{"@type":"PropertyValueSpecification","valueRequired":true,"valueName":"search_term_string"}}],"inLanguage":"fr-FR"},{"@type":"Organization","@id":"https:\/\/parkingestacionalicante.es\/fr\/#organization","name":"Parking Avenida de la Estaci\u00f3n, Vectalia.","alternateName":"Parking Avenida de la Estaci\u00f3n, Vectalia.","url":"https:\/\/parkingestacionalicante.es\/fr\/","logo":{"@type":"ImageObject","inLanguage":"fr-FR","@id":"https:\/\/parkingestacionalicante.es\/fr\/#\/schema\/logo\/image\/","url":"https:\/\/parkingestacionalicante.es\/wp-content\/uploads\/2022\/11\/cropped-LOGO-PARKING-AVDA-ESTACION.png","contentUrl":"https:\/\/parkingestacionalicante.es\/wp-content\/uploads\/2022\/11\/cropped-LOGO-PARKING-AVDA-ESTACION.png","width":2287,"height":552,"caption":"Parking Avenida de la Estaci\u00f3n, Vectalia."},"image":{"@id":"https:\/\/parkingestacionalicante.es\/fr\/#\/schema\/logo\/image\/"}}]}},"_links":{"self":[{"href":"https:\/\/parkingestacionalicante.es\/fr\/wp-json\/wp\/v2\/pages\/606","targetHints":{"allow":["GET"]}}],"collection":[{"href":"https:\/\/parkingestacionalicante.es\/fr\/wp-json\/wp\/v2\/pages"}],"about":[{"href":"https:\/\/parkingestacionalicante.es\/fr\/wp-json\/wp\/v2\/types\/page"}],"author":[{"embeddable":true,"href":"https:\/\/parkingestacionalicante.es\/fr\/wp-json\/wp\/v2\/users\/1"}],"replies":[{"embeddable":true,"href":"https:\/\/parkingestacionalicante.es\/fr\/wp-json\/wp\/v2\/comments?post=606"}],"version-history":[{"count":0,"href":"https:\/\/parkingestacionalicante.es\/fr\/wp-json\/wp\/v2\/pages\/606\/revisions"}],"wp:attachment":[{"href":"https:\/\/parkingestacionalicante.es\/fr\/wp-json\/wp\/v2\/media?parent=606"}],"curies":[{"name":"wp","href":"https:\/\/api.w.org\/{rel}","templated":true}]}}