{"id":602,"date":"2022-11-29T05:24:16","date_gmt":"2022-11-29T05:24:16","guid":{"rendered":"https:\/\/parkingestacionalicante.es\/politique-des-cookies\/"},"modified":"2023-07-25T07:42:44","modified_gmt":"2023-07-25T07:42:44","slug":"politique-des-cookies","status":"publish","type":"page","link":"https:\/\/parkingestacionalicante.es\/fr\/politique-des-cookies\/","title":{"rendered":"Politique des Cookies"},"content":{"rendered":"\n<h2 class=\"wp-block-heading\">Utilisation des Cookies<\/h2>\n\n<p>Ce site Web appartenant au Groupe Vectalia utilise ses propres cookies et ceux de tiers. Les cookies sont de petits fichiers d&#8217;information qui sont stock\u00e9s sur l&#8217;ordinateur de la personne qui acc\u00e8de \u00e0 la page pour le bon fonctionnement et l&#8217;affichage du site Web, ainsi que pour la collecte de statistiques. <\/p>\n\n<p>Les cookies actives sur le site <a href=\"\/inicio\/\" data-type=\"URL\" data-id=\"\/inicio\/\">www.parkingestacionalicante.es<\/a> sont destin\u00e9es \u00e0 faciliter le bon fonctionnement du site et \u00e0 collecter des statistiques. <\/p>\n\n<p>Plus pr\u00e9cis\u00e9ment, nous utilisons les \u00e9l\u00e9ments suivants: <\/p>\n\n<figure class=\"wp-block-table\"><table><tbody><tr><td>Nom<\/td><td>Domaine<\/td><td>Duration<\/td><td>Finalit\u00e9<\/td><\/tr><tr><td>_ga<\/td><td>parkingestacionalicante.es<\/td><td>10 heures<\/td><td>Il g\u00e9n\u00e8re un identifiant unique qui permet de v\u00e9rifier combien de fois un site est visit\u00e9 et les dates des visites <\/td><\/tr><tr><td>_gat<\/td><td>parkingestacionalicante.es<\/td><td>10 heures<\/td><td>Il g\u00e9n\u00e8re un identifiant unique qui permet de v\u00e9rifier combien de fois un site est visit\u00e9 et les dates des visites.<\/td><\/tr><tr><td>_gid<\/td><td>parkingestacionalicante.es<\/td><td>24 heures<\/td><td>Il permet de distinguer les utilisateurs <\/td><\/tr><tr><td>guest_id<\/td><td>www.twitter.com<\/td><td>2 ans<\/td><td>Cookie utilis\u00e9 par Twitter pour afficher le contenu Twitter sur ce site Web. <\/td><\/tr><tr><td>_ga<\/td><td>www.twitter.com<\/td><td>2 ans<\/td><td>Il g\u00e9n\u00e8re un identifiant unique qui permet de distinguer les utilisateurs <\/td><\/tr><tr><td>Perzonalization_id<\/td><td>www.twitter.com<\/td><td>2 ans<\/td><td>Il permet de partager des fonctionnalit\u00e9s pour les r\u00e9seaux sociaux <\/td><\/tr><tr><td>fr<\/td><td>www.facebook.com<\/td><td>1 mois<\/td><td>Il est utilis\u00e9 pour afficher, mesurer et am\u00e9liorer la pertinence des publicit\u00e9s <\/td><\/tr><\/tbody><\/table><\/figure>\n<p>L&#8217;utilisateur peut choisir les cookies qu&#8217;il souhaite utiliser sur ce site via les param\u00e8tres du navigateur:<\/p>\n\n<ul class=\"wp-block-list\">\n<li><strong>Chrome<\/strong>, depuis <em><a rel=\"noreferrer noopener\" href=\"https:\/\/support.google.com\/chrome\/answer\/95647?hl=es\" target=\"_blank\">https:\/\/support.google.com\/chrome\/answer\/95647?hl=es<\/a><\/em><\/li>\n\n\n\n<li><strong>Explorer<\/strong>, depuis <em><a rel=\"noreferrer noopener\" href=\"https:\/\/support.microsoft.com\/es-es\/windows\/eliminar-y-administrar-cookies-168dab11-0753-043d-7c16-ede5947fc64d\" target=\"_blank\">https:\/\/support.microsoft.com\/es-es\/windows\/eliminar-y-administrar-cookies-168dab11-0753-043d-7c16-ede5947fc64d<\/a><\/em><\/li>\n\n\n\n<li><strong>Firefox<\/strong>, depuis <em><a rel=\"noreferrer noopener\" href=\"https:\/\/support.mozilla.org\/es\/kb\/habilitar-y-deshabilitar-cookies-sitios-web-rastrear-preferencias\" target=\"_blank\">https:\/\/support.mozilla.org\/es\/kb\/habilitar-y-deshabilitar-cookies-sitios-web-rastrear-preferencias<\/a><\/em><\/li>\n\n\n\n<li><strong>Safari<\/strong>, depuis <em><a rel=\"noreferrer noopener\" href=\"https:\/\/support.apple.com\/es-es\/guide\/safari\/sfri11471\/mac\" target=\"_blank\">https:\/\/support.apple.com\/es-es\/guide\/safari\/sfri11471\/mac<\/a><\/em><\/li>\n<\/ul>\n\n<p><\/p>\n","protected":false},"excerpt":{"rendered":"<p>Utilisation des Cookies Ce site Web appartenant au Groupe Vectalia utilise ses propres cookies et ceux de tiers. Les cookies sont de petits fichiers d&#8217;information qui<span class=\"excerpt-hellip\"> [\u2026]<\/span><\/p>\n","protected":false},"author":1,"featured_media":0,"parent":0,"menu_order":0,"comment_status":"open","ping_status":"closed","template":"","meta":{"footnotes":""},"class_list":["post-602","page","type-page","status-publish","hentry"],"yoast_head":"<!-- This site is optimized with the Yoast SEO plugin v26.4 - https:\/\/yoast.com\/wordpress\/plugins\/seo\/ -->\n<title>Politique des Cookies - Parking Avenida de la Estaci\u00f3n de Alicante<\/title>\n<meta name=\"robots\" content=\"index, follow, max-snippet:-1, max-image-preview:large, max-video-preview:-1\" \/>\n<link rel=\"canonical\" href=\"https:\/\/parkingestacionalicante.es\/fr\/politique-des-cookies\/\" \/>\n<meta property=\"og:locale\" content=\"fr_FR\" \/>\n<meta property=\"og:type\" content=\"article\" \/>\n<meta property=\"og:title\" content=\"Politique des Cookies - Parking Avenida de la Estaci\u00f3n de Alicante\" \/>\n<meta property=\"og:description\" content=\"Utilisation des Cookies Ce site Web appartenant au Groupe Vectalia utilise ses propres cookies et ceux de tiers. Les cookies sont de petits fichiers d&#8217;information qui [\u2026]\" \/>\n<meta property=\"og:url\" content=\"https:\/\/parkingestacionalicante.es\/fr\/politique-des-cookies\/\" \/>\n<meta property=\"og:site_name\" content=\"Parking Avenida de la Estaci\u00f3n de Alicante\" \/>\n<meta property=\"article:modified_time\" content=\"2023-07-25T07:42:44+00:00\" \/>\n<meta name=\"twitter:card\" content=\"summary_large_image\" \/>\n<meta name=\"twitter:label1\" content=\"Est. reading time\" \/>\n\t<meta name=\"twitter:data1\" content=\"1 minute\" \/>\n<script type=\"application\/ld+json\" class=\"yoast-schema-graph\">{\"@context\":\"https:\/\/schema.org\",\"@graph\":[{\"@type\":\"WebPage\",\"@id\":\"https:\/\/parkingestacionalicante.es\/fr\/politique-des-cookies\/\",\"url\":\"https:\/\/parkingestacionalicante.es\/fr\/politique-des-cookies\/\",\"name\":\"Politique des Cookies - Parking Avenida de la Estaci\u00f3n de Alicante\",\"isPartOf\":{\"@id\":\"https:\/\/parkingestacionalicante.es\/fr\/#website\"},\"datePublished\":\"2022-11-29T05:24:16+00:00\",\"dateModified\":\"2023-07-25T07:42:44+00:00\",\"breadcrumb\":{\"@id\":\"https:\/\/parkingestacionalicante.es\/fr\/politique-des-cookies\/#breadcrumb\"},\"inLanguage\":\"fr-FR\",\"potentialAction\":[{\"@type\":\"ReadAction\",\"target\":[\"https:\/\/parkingestacionalicante.es\/fr\/politique-des-cookies\/\"]}]},{\"@type\":\"BreadcrumbList\",\"@id\":\"https:\/\/parkingestacionalicante.es\/fr\/politique-des-cookies\/#breadcrumb\",\"itemListElement\":[{\"@type\":\"ListItem\",\"position\":1,\"name\":\"Portada\",\"item\":\"https:\/\/parkingestacionalicante.es\/fr\/\"},{\"@type\":\"ListItem\",\"position\":2,\"name\":\"Politique des Cookies\"}]},{\"@type\":\"WebSite\",\"@id\":\"https:\/\/parkingestacionalicante.es\/fr\/#website\",\"url\":\"https:\/\/parkingestacionalicante.es\/fr\/\",\"name\":\"Parking Avenida de la Estaci\u00f3n, Alicante\",\"description\":\"El Parking de la estaci\u00f3n de Alicante\",\"publisher\":{\"@id\":\"https:\/\/parkingestacionalicante.es\/fr\/#organization\"},\"alternateName\":\"Parking de la Estaci\u00f3n Alicante\",\"potentialAction\":[{\"@type\":\"SearchAction\",\"target\":{\"@type\":\"EntryPoint\",\"urlTemplate\":\"https:\/\/parkingestacionalicante.es\/fr\/?s={search_term_string}\"},\"query-input\":{\"@type\":\"PropertyValueSpecification\",\"valueRequired\":true,\"valueName\":\"search_term_string\"}}],\"inLanguage\":\"fr-FR\"},{\"@type\":\"Organization\",\"@id\":\"https:\/\/parkingestacionalicante.es\/fr\/#organization\",\"name\":\"Parking Avenida de la Estaci\u00f3n, Vectalia.\",\"alternateName\":\"Parking Avenida de la Estaci\u00f3n, Vectalia.\",\"url\":\"https:\/\/parkingestacionalicante.es\/fr\/\",\"logo\":{\"@type\":\"ImageObject\",\"inLanguage\":\"fr-FR\",\"@id\":\"https:\/\/parkingestacionalicante.es\/fr\/#\/schema\/logo\/image\/\",\"url\":\"https:\/\/parkingestacionalicante.es\/wp-content\/uploads\/2022\/11\/cropped-LOGO-PARKING-AVDA-ESTACION.png\",\"contentUrl\":\"https:\/\/parkingestacionalicante.es\/wp-content\/uploads\/2022\/11\/cropped-LOGO-PARKING-AVDA-ESTACION.png\",\"width\":2287,\"height\":552,\"caption\":\"Parking Avenida de la Estaci\u00f3n, Vectalia.\"},\"image\":{\"@id\":\"https:\/\/parkingestacionalicante.es\/fr\/#\/schema\/logo\/image\/\"}}]}<\/script>\n<!-- \/ Yoast SEO plugin. -->","yoast_head_json":{"title":"Politique des Cookies - Parking Avenida de la Estaci\u00f3n de Alicante","robots":{"index":"index","follow":"follow","max-snippet":"max-snippet:-1","max-image-preview":"max-image-preview:large","max-video-preview":"max-video-preview:-1"},"canonical":"https:\/\/parkingestacionalicante.es\/fr\/politique-des-cookies\/","og_locale":"fr_FR","og_type":"article","og_title":"Politique des Cookies - Parking Avenida de la Estaci\u00f3n de Alicante","og_description":"Utilisation des Cookies Ce site Web appartenant au Groupe Vectalia utilise ses propres cookies et ceux de tiers. Les cookies sont de petits fichiers d&#8217;information qui [\u2026]","og_url":"https:\/\/parkingestacionalicante.es\/fr\/politique-des-cookies\/","og_site_name":"Parking Avenida de la Estaci\u00f3n de Alicante","article_modified_time":"2023-07-25T07:42:44+00:00","twitter_card":"summary_large_image","twitter_misc":{"Est. reading time":"1 minute"},"schema":{"@context":"https:\/\/schema.org","@graph":[{"@type":"WebPage","@id":"https:\/\/parkingestacionalicante.es\/fr\/politique-des-cookies\/","url":"https:\/\/parkingestacionalicante.es\/fr\/politique-des-cookies\/","name":"Politique des Cookies - Parking Avenida de la Estaci\u00f3n de Alicante","isPartOf":{"@id":"https:\/\/parkingestacionalicante.es\/fr\/#website"},"datePublished":"2022-11-29T05:24:16+00:00","dateModified":"2023-07-25T07:42:44+00:00","breadcrumb":{"@id":"https:\/\/parkingestacionalicante.es\/fr\/politique-des-cookies\/#breadcrumb"},"inLanguage":"fr-FR","potentialAction":[{"@type":"ReadAction","target":["https:\/\/parkingestacionalicante.es\/fr\/politique-des-cookies\/"]}]},{"@type":"BreadcrumbList","@id":"https:\/\/parkingestacionalicante.es\/fr\/politique-des-cookies\/#breadcrumb","itemListElement":[{"@type":"ListItem","position":1,"name":"Portada","item":"https:\/\/parkingestacionalicante.es\/fr\/"},{"@type":"ListItem","position":2,"name":"Politique des Cookies"}]},{"@type":"WebSite","@id":"https:\/\/parkingestacionalicante.es\/fr\/#website","url":"https:\/\/parkingestacionalicante.es\/fr\/","name":"Parking Avenida de la Estaci\u00f3n, Alicante","description":"El Parking de la estaci\u00f3n de Alicante","publisher":{"@id":"https:\/\/parkingestacionalicante.es\/fr\/#organization"},"alternateName":"Parking de la Estaci\u00f3n Alicante","potentialAction":[{"@type":"SearchAction","target":{"@type":"EntryPoint","urlTemplate":"https:\/\/parkingestacionalicante.es\/fr\/?s={search_term_string}"},"query-input":{"@type":"PropertyValueSpecification","valueRequired":true,"valueName":"search_term_string"}}],"inLanguage":"fr-FR"},{"@type":"Organization","@id":"https:\/\/parkingestacionalicante.es\/fr\/#organization","name":"Parking Avenida de la Estaci\u00f3n, Vectalia.","alternateName":"Parking Avenida de la Estaci\u00f3n, Vectalia.","url":"https:\/\/parkingestacionalicante.es\/fr\/","logo":{"@type":"ImageObject","inLanguage":"fr-FR","@id":"https:\/\/parkingestacionalicante.es\/fr\/#\/schema\/logo\/image\/","url":"https:\/\/parkingestacionalicante.es\/wp-content\/uploads\/2022\/11\/cropped-LOGO-PARKING-AVDA-ESTACION.png","contentUrl":"https:\/\/parkingestacionalicante.es\/wp-content\/uploads\/2022\/11\/cropped-LOGO-PARKING-AVDA-ESTACION.png","width":2287,"height":552,"caption":"Parking Avenida de la Estaci\u00f3n, Vectalia."},"image":{"@id":"https:\/\/parkingestacionalicante.es\/fr\/#\/schema\/logo\/image\/"}}]}},"_links":{"self":[{"href":"https:\/\/parkingestacionalicante.es\/fr\/wp-json\/wp\/v2\/pages\/602","targetHints":{"allow":["GET"]}}],"collection":[{"href":"https:\/\/parkingestacionalicante.es\/fr\/wp-json\/wp\/v2\/pages"}],"about":[{"href":"https:\/\/parkingestacionalicante.es\/fr\/wp-json\/wp\/v2\/types\/page"}],"author":[{"embeddable":true,"href":"https:\/\/parkingestacionalicante.es\/fr\/wp-json\/wp\/v2\/users\/1"}],"replies":[{"embeddable":true,"href":"https:\/\/parkingestacionalicante.es\/fr\/wp-json\/wp\/v2\/comments?post=602"}],"version-history":[{"count":0,"href":"https:\/\/parkingestacionalicante.es\/fr\/wp-json\/wp\/v2\/pages\/602\/revisions"}],"wp:attachment":[{"href":"https:\/\/parkingestacionalicante.es\/fr\/wp-json\/wp\/v2\/media?parent=602"}],"curies":[{"name":"wp","href":"https:\/\/api.w.org\/{rel}","templated":true}]}}