{"id":593,"date":"2022-11-29T05:05:44","date_gmt":"2022-11-29T05:05:44","guid":{"rendered":"https:\/\/parkingestacionalicante.es\/conditions-generales-de-vente\/"},"modified":"2023-07-25T07:31:04","modified_gmt":"2023-07-25T07:31:04","slug":"conditions-generales-de-vente","status":"publish","type":"page","link":"https:\/\/parkingestacionalicante.es\/fr\/conditions-generales-de-vente\/","title":{"rendered":"Conditions g\u00e9n\u00e9rales de vente"},"content":{"rendered":"\n<h2 class=\"wp-block-heading\">1. Introduction<\/h2>\n\n<p>Conform\u00e9ment aux dispositions de l&#8217;article 10 de la Loi sur les Droits des services de la soci\u00e9t\u00e9 de l&#8217;information (LSSI), vous \u00eates inform\u00e9 que le site Internet www.parkingestacionalicante.es a \u00e9t\u00e9 cr\u00e9\u00e9 dans le but de fournir au grand public des informations concernant le fonctionnement du parking de l\u2019Avenue de la Station d\u2019Alicante, ses services et ses tarifs, entre autres. L&#8217;utilisateur doit lire attentivement cette notice l\u00e9gale chaque fois qu&#8217;il acc\u00e8de \u00e0 ce site Web, car les conditions d&#8217;utilisation contenues dans cette notice l\u00e9gale peuvent \u00eatre modifi\u00e9es.<\/p>\n\n<p><br\/>La propri\u00e9t\u00e9 du site Web correspond \u00e0 la soci\u00e9t\u00e9 Corporaci\u00f3n Empresarial Vectalia, S.A., (ci-apr\u00e8s, Vectalia) avec NIF A-03002094, inscrite au registre du commerce d&#8217;Alicante, page A-2317, volume 1207 et page 11 et dont l&#8217;adresse e-mail est <a href=\"mailto:info@parkingestacionalicante.es\" target=\"_blank\" rel=\"noreferrer noopener\">info@parkingestacionalicante.es<\/a><\/p>\n\n<h2 class=\"wp-block-heading\">2. Contenus<\/h2>\n\n<h3 class=\"wp-block-heading\"><\/h3>\n\n<p>Tous les contenus publi\u00e9s ici ont \u00e9t\u00e9 produits ou acquis par Corporaci\u00f3n Empresarial Vectalia, S.A., en s&#8217;effor\u00e7ant de les tenir \u00e0 jour et en prenant \u00e0 tout moment les mesures jug\u00e9es les plus appropri\u00e9es pour garantir l&#8217;acc\u00e8s.<\/p>\n\n<p><br\/>Corporaci\u00f3n Empresarial Vectalia, S.A., n&#8217;est pas responsable des cons\u00e9quences pouvant r\u00e9sulter d&#8217;erreurs dans le contenu pouvant appara\u00eetre sur ce site Web fourni par des tiers. Vectalia se r\u00e9serve le droit de modifier ou de mettre \u00e0 jour son contenu \u00e0 tout moment et sans pr\u00e9avis. Les contenus susceptibles d&#8217;\u00eatre t\u00e9l\u00e9charg\u00e9s sur le terminal de l&#8217;utilisateur ne constituent en aucun cas l&#8217;existence d&#8217;une quelconque relation ou obligation contractuelle.<\/p>\n\n<h2 class=\"wp-block-heading\">3. Propri\u00e9t\u00e9 Intelectuelle et Industrielle<\/h2>\n\n<p>Les droits de propri\u00e9t\u00e9 intellectuelle et industrielle de ce site et des diff\u00e9rents \u00e9l\u00e9ments qu&#8217;il contient sont la propri\u00e9t\u00e9 de Vectalia ou ont fait l&#8217;objet d&#8217;une autorisation d&#8217;utilisation par celle-ci. La modification, la copie, la reproduction, le t\u00e9l\u00e9chargement, la transmission, la distribution ou la transformation du contenu de ce site est interdite sans l&#8217;autorisation du propri\u00e9taire ou si cela est l\u00e9galement autoris\u00e9. L&#8217;acc\u00e8s au site Web n&#8217;impliquera en aucun cas l&#8217;acquisition d&#8217;un droit de propri\u00e9t\u00e9 sur les contenus qui y figurent.<\/p>\n\n<p><br\/>Certains contenus de ce site peuvent \u00eatre t\u00e9l\u00e9charg\u00e9s sur le terminal de l&#8217;utilisateur, \u00e0 condition que ce soit pour un usage priv\u00e9 et sans fin commerciale.<\/p>\n\n<h2 class=\"wp-block-heading\">4. Exclusion de Responsabilit\u00e9:<\/h2>\n\n<h3 class=\"wp-block-heading\"><\/h3>\n\n<p>L&#8217;acc\u00e8s \u00e0 ce site Web, ainsi que l&#8217;utilisation qui en est faite du contenu qui y est publi\u00e9, rel\u00e8ve de la seule responsabilit\u00e9 de celui qui le fait. Vectalia ne sera pas responsable des cons\u00e9quences, dommages ou pr\u00e9judices pouvant d\u00e9couler dudit acc\u00e8s ou de l&#8217;utilisation de son contenu. Vectalia se r\u00e9serve la possibilit\u00e9 d&#8217;engager des actions en justice contre les utilisations non autoris\u00e9es ou inappropri\u00e9es du contenu publi\u00e9 sur ce site, ainsi que la violation des droits de propri\u00e9t\u00e9 intellectuelle ou industrielle.<\/p>\n\n<p><br\/>Dans le cadre du contenu de www.parkingestacionalicante.es, des liens peuvent \u00eatre propos\u00e9s, directement ou indirectement, vers des ressources Internet ou des sites ext\u00e9rieurs \u00e0 ce site Web. La pr\u00e9sence de ces liens aura un but purement informatif, ne constituant en aucun cas une invitation \u00e0 contracter des produits ou services propos\u00e9s sur le site de destination. Vectalia n&#8217;est pas responsable du contenu des sites Web vers lesquels il peut \u00e9tablir des liens en dehors de ses pages, ni des dommages ou pertes qui pourraient \u00eatre caus\u00e9s par la connexion ou par l&#8217;utilisation de tout contenu, produit ou service disponible sur les sites Web vers lesquels les liens sont dirig\u00e9s.<\/p>\n\n<p><br\/>Vectalia exigera des propri\u00e9taires des sites Web de destination accessibles via les liens existants sur ce site Web l&#8217;engagement correspondant quant \u00e0 leur contenu non mena\u00e7ant, obsc\u00e8ne, diffamatoire, pornographique, x\u00e9nophobe, portant atteinte \u00e0 la dignit\u00e9 de la personne ou aux droits des enfants, contraire \u00e0 la l\u00e9gislation en vigueur et en g\u00e9n\u00e9ral dont le contenu n&#8217;incite pas ou ne constitue pas la commission d&#8217;une infraction p\u00e9nale.<\/p>\n\n<p><br\/>Vectalia ne peut garantir la disponibilit\u00e9 et le bon fonctionnement des liens vers d&#8217;autres sites Vectalia ne sera pas responsable des dommages de toute nature pouvant r\u00e9sulter de l&#8217;indisponibilit\u00e9 du site ou de l&#8217;un de ses contenus. La pr\u00e9sente notice l\u00e9gale s&#8217;applique uniquement au contenu existant sur le site Web www.parkingestacionalicante.es et ne s&#8217;applique en aucun cas au contenu collect\u00e9 ou aux services fournis \u00e0 partir de sites Web tiers accessibles \u00e0 partir du site Web.<\/p>\n\n<h2 class=\"wp-block-heading\">5. S\u00e9curit\u00e9<\/h2>\n\n<p>Vectalia n&#8217;est pas responsable des \u00e9ventuelles erreurs de s\u00e9curit\u00e9 pouvant survenir, ni des \u00e9ventuels dommages pouvant \u00eatre caus\u00e9s au syst\u00e8me informatique de l&#8217;utilisateur (software et hardware) ou aux fichiers qui y sont stock\u00e9s, du fait de la pr\u00e9sence de virus dans le terminal de l&#8217;utilisateur utilis\u00e9 pour se connecter aux services et contenus de www.parkingestacionalicante.es, d&#8217;un dysfonctionnement du navigateur ou de l&#8217;utilisation de versions obsol\u00e8tes de celui-ci, en particulier et en g\u00e9n\u00e9ral, du dysfonctionnement ou de l&#8217;absence de mise \u00e0 jour de tout programme n\u00e9cessaire au fonctionnement du navigateur.<\/p>\n\n<h2 class=\"wp-block-heading\">6. Protection des donn\u00e9es personnelles<\/h2>\n\n<p>Pour plus d&#8217;informations, acc\u00e9dez \u00e0 \u201c<a href=\"https:\/\/parkingestacionalicante.es\/fr\/politique-de-confidentialite\/\" data-type=\"URL\" data-id=\"\/politica-privacidad\/\">POLITIQUE DE CONFIDENTIALIT\u00c9<\/a>\u201d et \u201c<a href=\"https:\/\/parkingestacionalicante.es\/fr\/politique-des-cookies\/\" data-type=\"URL\" data-id=\"\/politica-de-cookies\/\">POLITIQUE<\/a><a href=\"https:\/\/parkingestacionalicante.es\/fr\/politique-des-cookies\/\" data-type=\"page\" data-id=\"143\">DE COOKIES<\/a>\u201d.<\/p>\n\n<h4 class=\"wp-block-heading\"><\/h4>\n\n<p><\/p>\n\n<h4 class=\"wp-block-heading\"><\/h4>\n\n<p><\/p>\n\n<h4 class=\"wp-block-heading\"><\/h4>\n\n<p><\/p>\n\n<h4 class=\"wp-block-heading\"><\/h4>\n\n<p><\/p>\n\n<h2 class=\"wp-block-heading\"><\/h2>\n\n<h2 class=\"wp-block-heading\"><\/h2>\n\n<p><\/p>\n\n<h2 class=\"wp-block-heading\"><\/h2>\n\n<p><\/p>\n\n<h2 class=\"wp-block-heading\"><\/h2>\n\n<p><\/p>\n\n<h2 class=\"wp-block-heading\"><\/h2>\n\n<p><\/p>\n","protected":false},"excerpt":{"rendered":"<p>1. Introduction Conform\u00e9ment aux dispositions de l&#8217;article 10 de la Loi sur les Droits des services de la soci\u00e9t\u00e9 de l&#8217;information (LSSI), vous \u00eates inform\u00e9 que<span class=\"excerpt-hellip\"> [\u2026]<\/span><\/p>\n","protected":false},"author":1,"featured_media":0,"parent":0,"menu_order":0,"comment_status":"open","ping_status":"closed","template":"","meta":{"footnotes":""},"class_list":["post-593","page","type-page","status-publish","hentry"],"yoast_head":"<!-- This site is optimized with the Yoast SEO plugin v26.4 - https:\/\/yoast.com\/wordpress\/plugins\/seo\/ -->\n<title>Conditions g\u00e9n\u00e9rales de vente - Parking Avenida de la Estaci\u00f3n de Alicante<\/title>\n<meta name=\"robots\" content=\"index, follow, max-snippet:-1, max-image-preview:large, max-video-preview:-1\" \/>\n<link rel=\"canonical\" href=\"https:\/\/parkingestacionalicante.es\/fr\/conditions-generales-de-vente\/\" \/>\n<meta property=\"og:locale\" content=\"fr_FR\" \/>\n<meta property=\"og:type\" content=\"article\" \/>\n<meta property=\"og:title\" content=\"Conditions g\u00e9n\u00e9rales de vente - Parking Avenida de la Estaci\u00f3n de Alicante\" \/>\n<meta property=\"og:description\" content=\"1. Introduction Conform\u00e9ment aux dispositions de l&#8217;article 10 de la Loi sur les Droits des services de la soci\u00e9t\u00e9 de l&#8217;information (LSSI), vous \u00eates inform\u00e9 que [\u2026]\" \/>\n<meta property=\"og:url\" content=\"https:\/\/parkingestacionalicante.es\/fr\/conditions-generales-de-vente\/\" \/>\n<meta property=\"og:site_name\" content=\"Parking Avenida de la Estaci\u00f3n de Alicante\" \/>\n<meta property=\"article:modified_time\" content=\"2023-07-25T07:31:04+00:00\" \/>\n<meta name=\"twitter:card\" content=\"summary_large_image\" \/>\n<meta name=\"twitter:label1\" content=\"Est. reading time\" \/>\n\t<meta name=\"twitter:data1\" content=\"4 minutes\" \/>\n<script type=\"application\/ld+json\" class=\"yoast-schema-graph\">{\"@context\":\"https:\/\/schema.org\",\"@graph\":[{\"@type\":\"WebPage\",\"@id\":\"https:\/\/parkingestacionalicante.es\/fr\/conditions-generales-de-vente\/\",\"url\":\"https:\/\/parkingestacionalicante.es\/fr\/conditions-generales-de-vente\/\",\"name\":\"Conditions g\u00e9n\u00e9rales de vente - Parking Avenida de la Estaci\u00f3n de Alicante\",\"isPartOf\":{\"@id\":\"https:\/\/parkingestacionalicante.es\/fr\/#website\"},\"datePublished\":\"2022-11-29T05:05:44+00:00\",\"dateModified\":\"2023-07-25T07:31:04+00:00\",\"breadcrumb\":{\"@id\":\"https:\/\/parkingestacionalicante.es\/fr\/conditions-generales-de-vente\/#breadcrumb\"},\"inLanguage\":\"fr-FR\",\"potentialAction\":[{\"@type\":\"ReadAction\",\"target\":[\"https:\/\/parkingestacionalicante.es\/fr\/conditions-generales-de-vente\/\"]}]},{\"@type\":\"BreadcrumbList\",\"@id\":\"https:\/\/parkingestacionalicante.es\/fr\/conditions-generales-de-vente\/#breadcrumb\",\"itemListElement\":[{\"@type\":\"ListItem\",\"position\":1,\"name\":\"Portada\",\"item\":\"https:\/\/parkingestacionalicante.es\/fr\/\"},{\"@type\":\"ListItem\",\"position\":2,\"name\":\"Conditions g\u00e9n\u00e9rales de vente\"}]},{\"@type\":\"WebSite\",\"@id\":\"https:\/\/parkingestacionalicante.es\/fr\/#website\",\"url\":\"https:\/\/parkingestacionalicante.es\/fr\/\",\"name\":\"Parking Avenida de la Estaci\u00f3n, Alicante\",\"description\":\"El Parking de la estaci\u00f3n de Alicante\",\"publisher\":{\"@id\":\"https:\/\/parkingestacionalicante.es\/fr\/#organization\"},\"alternateName\":\"Parking de la Estaci\u00f3n Alicante\",\"potentialAction\":[{\"@type\":\"SearchAction\",\"target\":{\"@type\":\"EntryPoint\",\"urlTemplate\":\"https:\/\/parkingestacionalicante.es\/fr\/?s={search_term_string}\"},\"query-input\":{\"@type\":\"PropertyValueSpecification\",\"valueRequired\":true,\"valueName\":\"search_term_string\"}}],\"inLanguage\":\"fr-FR\"},{\"@type\":\"Organization\",\"@id\":\"https:\/\/parkingestacionalicante.es\/fr\/#organization\",\"name\":\"Parking Avenida de la Estaci\u00f3n, Vectalia.\",\"alternateName\":\"Parking Avenida de la Estaci\u00f3n, Vectalia.\",\"url\":\"https:\/\/parkingestacionalicante.es\/fr\/\",\"logo\":{\"@type\":\"ImageObject\",\"inLanguage\":\"fr-FR\",\"@id\":\"https:\/\/parkingestacionalicante.es\/fr\/#\/schema\/logo\/image\/\",\"url\":\"https:\/\/parkingestacionalicante.es\/wp-content\/uploads\/2022\/11\/cropped-LOGO-PARKING-AVDA-ESTACION.png\",\"contentUrl\":\"https:\/\/parkingestacionalicante.es\/wp-content\/uploads\/2022\/11\/cropped-LOGO-PARKING-AVDA-ESTACION.png\",\"width\":2287,\"height\":552,\"caption\":\"Parking Avenida de la Estaci\u00f3n, Vectalia.\"},\"image\":{\"@id\":\"https:\/\/parkingestacionalicante.es\/fr\/#\/schema\/logo\/image\/\"}}]}<\/script>\n<!-- \/ Yoast SEO plugin. -->","yoast_head_json":{"title":"Conditions g\u00e9n\u00e9rales de vente - Parking Avenida de la Estaci\u00f3n de Alicante","robots":{"index":"index","follow":"follow","max-snippet":"max-snippet:-1","max-image-preview":"max-image-preview:large","max-video-preview":"max-video-preview:-1"},"canonical":"https:\/\/parkingestacionalicante.es\/fr\/conditions-generales-de-vente\/","og_locale":"fr_FR","og_type":"article","og_title":"Conditions g\u00e9n\u00e9rales de vente - Parking Avenida de la Estaci\u00f3n de Alicante","og_description":"1. Introduction Conform\u00e9ment aux dispositions de l&#8217;article 10 de la Loi sur les Droits des services de la soci\u00e9t\u00e9 de l&#8217;information (LSSI), vous \u00eates inform\u00e9 que [\u2026]","og_url":"https:\/\/parkingestacionalicante.es\/fr\/conditions-generales-de-vente\/","og_site_name":"Parking Avenida de la Estaci\u00f3n de Alicante","article_modified_time":"2023-07-25T07:31:04+00:00","twitter_card":"summary_large_image","twitter_misc":{"Est. reading time":"4 minutes"},"schema":{"@context":"https:\/\/schema.org","@graph":[{"@type":"WebPage","@id":"https:\/\/parkingestacionalicante.es\/fr\/conditions-generales-de-vente\/","url":"https:\/\/parkingestacionalicante.es\/fr\/conditions-generales-de-vente\/","name":"Conditions g\u00e9n\u00e9rales de vente - Parking Avenida de la Estaci\u00f3n de Alicante","isPartOf":{"@id":"https:\/\/parkingestacionalicante.es\/fr\/#website"},"datePublished":"2022-11-29T05:05:44+00:00","dateModified":"2023-07-25T07:31:04+00:00","breadcrumb":{"@id":"https:\/\/parkingestacionalicante.es\/fr\/conditions-generales-de-vente\/#breadcrumb"},"inLanguage":"fr-FR","potentialAction":[{"@type":"ReadAction","target":["https:\/\/parkingestacionalicante.es\/fr\/conditions-generales-de-vente\/"]}]},{"@type":"BreadcrumbList","@id":"https:\/\/parkingestacionalicante.es\/fr\/conditions-generales-de-vente\/#breadcrumb","itemListElement":[{"@type":"ListItem","position":1,"name":"Portada","item":"https:\/\/parkingestacionalicante.es\/fr\/"},{"@type":"ListItem","position":2,"name":"Conditions g\u00e9n\u00e9rales de vente"}]},{"@type":"WebSite","@id":"https:\/\/parkingestacionalicante.es\/fr\/#website","url":"https:\/\/parkingestacionalicante.es\/fr\/","name":"Parking Avenida de la Estaci\u00f3n, Alicante","description":"El Parking de la estaci\u00f3n de Alicante","publisher":{"@id":"https:\/\/parkingestacionalicante.es\/fr\/#organization"},"alternateName":"Parking de la Estaci\u00f3n Alicante","potentialAction":[{"@type":"SearchAction","target":{"@type":"EntryPoint","urlTemplate":"https:\/\/parkingestacionalicante.es\/fr\/?s={search_term_string}"},"query-input":{"@type":"PropertyValueSpecification","valueRequired":true,"valueName":"search_term_string"}}],"inLanguage":"fr-FR"},{"@type":"Organization","@id":"https:\/\/parkingestacionalicante.es\/fr\/#organization","name":"Parking Avenida de la Estaci\u00f3n, Vectalia.","alternateName":"Parking Avenida de la Estaci\u00f3n, Vectalia.","url":"https:\/\/parkingestacionalicante.es\/fr\/","logo":{"@type":"ImageObject","inLanguage":"fr-FR","@id":"https:\/\/parkingestacionalicante.es\/fr\/#\/schema\/logo\/image\/","url":"https:\/\/parkingestacionalicante.es\/wp-content\/uploads\/2022\/11\/cropped-LOGO-PARKING-AVDA-ESTACION.png","contentUrl":"https:\/\/parkingestacionalicante.es\/wp-content\/uploads\/2022\/11\/cropped-LOGO-PARKING-AVDA-ESTACION.png","width":2287,"height":552,"caption":"Parking Avenida de la Estaci\u00f3n, Vectalia."},"image":{"@id":"https:\/\/parkingestacionalicante.es\/fr\/#\/schema\/logo\/image\/"}}]}},"_links":{"self":[{"href":"https:\/\/parkingestacionalicante.es\/fr\/wp-json\/wp\/v2\/pages\/593","targetHints":{"allow":["GET"]}}],"collection":[{"href":"https:\/\/parkingestacionalicante.es\/fr\/wp-json\/wp\/v2\/pages"}],"about":[{"href":"https:\/\/parkingestacionalicante.es\/fr\/wp-json\/wp\/v2\/types\/page"}],"author":[{"embeddable":true,"href":"https:\/\/parkingestacionalicante.es\/fr\/wp-json\/wp\/v2\/users\/1"}],"replies":[{"embeddable":true,"href":"https:\/\/parkingestacionalicante.es\/fr\/wp-json\/wp\/v2\/comments?post=593"}],"version-history":[{"count":0,"href":"https:\/\/parkingestacionalicante.es\/fr\/wp-json\/wp\/v2\/pages\/593\/revisions"}],"wp:attachment":[{"href":"https:\/\/parkingestacionalicante.es\/fr\/wp-json\/wp\/v2\/media?parent=593"}],"curies":[{"name":"wp","href":"https:\/\/api.w.org\/{rel}","templated":true}]}}