{"id":413,"date":"2020-09-08T11:27:04","date_gmt":"2020-09-08T11:27:04","guid":{"rendered":"https:\/\/parkingestacionalicante.es\/politica-de-privacitat\/"},"modified":"2023-07-24T11:04:16","modified_gmt":"2023-07-24T11:04:16","slug":"politica-de-privacitat","status":"publish","type":"page","link":"https:\/\/parkingestacionalicante.es\/ca\/politica-de-privacitat\/","title":{"rendered":"Pol\u00edtica de Privacitat"},"content":{"rendered":"\n<h2 class=\"wp-block-heading\">1 Introducci\u00f3<\/h2>\n\n<p>La present Pol\u00edtica de Privacitat est\u00e0 destinada a informar els usuaris que visiten la nostra p\u00e0gina web sobre les condicions del Grup Vectalia aplica a totes les dades de car\u00e0cter personal que tracta, aix\u00ed com sobre els drets que assisteixen als interessats (titulars d&#8217;aqueixes dades), i la forma en la qual poden exercitar-los.<\/p>\n\n<h2 class=\"wp-block-heading\">2 Responsable del Tractament de Dades<\/h2>\n\n<h3 class=\"wp-block-heading\"><\/h3>\n\n<ol class=\"wp-block-list\">\n<li>Identitat del Responsable: Corporaci\u00f3n Empresarial Vectalia S.A.<\/li>\n\n\n\n<li>NIF\/CIF: A03002094<\/li>\n\n\n\n<li>Inscrita en el Registre Mercantil d&#8217;Alacant, fulla A-2317, tom 1207 i foli 11<\/li>\n\n\n\n<li>Direcci\u00f3: Avda. de Denia, 155<\/li>\n\n\n\n<li>Correu electr\u00f2nic: info@parkingestacionalicante.es<\/li>\n\n\n\n<li>URL: <a href=\"https:\/\/www.vectalia.es\/\" target=\"_blank\" rel=\"noreferrer noopener\">https:\/\/www.vectalia.es\/<\/a><\/li>\n<\/ol>\n\n<h2 class=\"wp-block-heading\">3 Tractament de dades<\/h2>\n\n<p>L&#8217;EMPRESA es compromet a tractar les seues dades de manera confidencial i acord amb els requisits establits en la legislaci\u00f3 d&#8217;aplicaci\u00f3 en mat\u00e8ria de protecci\u00f3 de dades, fonamentalment el Reglament 2016\/679 del Parlament Europeu i del Consell del 27 d&#8217;abril de 2016 relatiu a la protecci\u00f3 de les persones f\u00edsiques pel que fa al tractament de dades personals i a la circulaci\u00f3 d&#8217;aquestes dades (RGPD), Llei org\u00e0nica 3\/2018 de Protecci\u00f3 de Dades Personals i garantia dels drets digitals (LOPDGDD) i la seua normativa de desenvolupament, aix\u00ed com la Llei 34\/2002, d&#8217;11 de juliol, de Serveis de la Societat de la Informaci\u00f3 i Comer\u00e7 Electr\u00f2nic (LSSI).<\/p>\n\n<p><br\/>Les dades de car\u00e0cter personal seran tractats de manera lleial, l\u00edcita i transparent en relaci\u00f3 amb l&#8217;interessat, i seran recollits per a finalitats determinades, expl\u00edcites i leg\u00edtimes, per la qual cosa no podran ser tractats de manera amb incompatible amb aquests fins.<\/p>\n\n<p><br\/>Les dades recollides de cada interessat seran adequats, pertinents i no excessius en relaci\u00f3 a les finalitats corresponents per a cada cas, i seran actualitzats sempre que siga necessari. En els casos en els quals resulte obligatori conforme a la legislaci\u00f3 aplicable, haur\u00e0 d&#8217;obtindre&#8217;s el consentiment dels interessats abans de recaptar les seues dades.<\/p>\n\n<h3 class=\"wp-block-heading\">3.1 Drets dels interessats<\/h3>\n\n<h3 class=\"wp-block-heading\"><\/h3>\n\n<p>Qualsevol interessat pot retirar el seu consentiment en qualsevol moment quan el mateix s&#8217;haja atorgat per al tractament de les seues dades. En cap cas la retirada d&#8217;aquest consentiment condiciona l&#8217;execuci\u00f3 dels contractes en el qual el mateix \u00e9s part o les relacions generades amb anterioritat.<br\/><\/p>\n\n<p>En el cas de les comunicacions comercials els interessats podran retirar el seu consentiment de manera autom\u00e0tica accedint a l&#8217;enlla\u00e7 o marcant la casella que aix\u00ed ho adverteix en cadascuna d&#8217;aquestes comunicacions, o b\u00e9 mitjan\u00e7ant el corresponent formulari en les apps o p\u00e0gines web.<br\/><\/p>\n\n<p>L&#8217;interessat podr\u00e0 igualment revocar el consentiment prestat, aix\u00ed com exercir els seus drets d&#8217;acc\u00e9s, rectificaci\u00f3, supressi\u00f3, oposici\u00f3, portabilitat i limitaci\u00f3, i en general consultar totes les q\u00fcestions relatives al tractament de les seues dades personals, davant el responsable de tractament, mitjan\u00e7ant l&#8217;enviament d&#8217;un correu electr\u00f2nic a <a data-type=\"mailto\" data-id=\"mailto:rgpd@vectalia.es\" href=\"mailto:rgpd@vectalia.es\" target=\"_blank\" rel=\"noreferrer noopener\">rgpd@vectalia.es<\/a> indicant les seues dades personals i el dret que desitja exercitar.<br\/><\/p>\n\n<p>Pot presentar tamb\u00e9 una reclamaci\u00f3 davant l&#8217;Ag\u00e8ncia Espanyola de Protecci\u00f3 de Dades, per al que disposa de la informaci\u00f3 necess\u00e0ria en: <a href=\"http:\/\/www.agpd.es\" target=\"_blank\" rel=\"noreferrer noopener\">http:\/\/www.agpd.es.<\/a><\/p>\n\n<h3 class=\"wp-block-heading\">4.2. Termini de conservaci\u00f3 de les dades<\/h3>\n\n<p>Les dades personals tractats es conservaran durant el temps necessari per a complir amb la finalitat per a la qual van ser recaptats. Una vegada extingida aquesta finalitat, es conservaran durant els terminis establits legalment per a atendre possibles responsabilitats que es pogueren derivar d&#8217;aquesta finalitat i del tractament de les dades. Durant aquest temps, les dades romandran degudament bloquejats, conservant-se \u00fanicament a la disposici\u00f3 de les Administracions P\u00fabliques, i de Jutges i Tribunals, per a atendre aquestes responsabilitats.<br\/>Complits aquests terminis es procedir\u00e0 a la destrucci\u00f3 de les dades.<\/p>\n\n<h3 class=\"wp-block-heading\">4.3. Finalitats, legitimaci\u00f3, destinataris i origen de les dades<\/h3>\n\n<p>Les dades personals del tractament de les quals \u00e9s responsable *Vectalia procedeixen de diferents fonts, tal com es descriu al llarg d&#8217;aquesta Pol\u00edtica de Privacitat, per a les finalitats que s&#8217;indiquen a continuaci\u00f3, en la mesura en qu\u00e8 existisca una base legal per a cada tractament.<\/p>\n\n<h4 class=\"wp-block-heading\">Formulari \u201cNewsletter\u201d.<\/h4>\n\n<p>Finalitat: Gestionar la subscripci\u00f3 per a l&#8217;enviament de comunicacions amb informaci\u00f3 sobre incid\u00e8ncies i informaci\u00f3 relativa al servei de Vectalia en funci\u00f3 de la localitzaci\u00f3 geogr\u00e0fica de l&#8217;interessat.<br\/>Legitimaci\u00f3: El consentiment de l&#8217;interessat en subscriure&#8217;s a l&#8217;enviament d&#8217;informaci\u00f3 a trav\u00e9s del nostre formulari.<\/p>\n\n<h4 class=\"wp-block-heading\">Formulari \u201cContacte\u201d<\/h4>\n\n<p>Finalitat: Gestionar i resoldre els suggeriments, reclamacions i peticions d&#8217;informaci\u00f3 que remeta l&#8217;interessat a trav\u00e9s del formulari de la web del grup.<br\/>Legitimaci\u00f3: El consentiment de l&#8217;interessat.<\/p>\n\n<h4 class=\"wp-block-heading\">Formulari \u201cSol\u00b7licitud d&#8217;abonament\u201d.<\/h4>\n\n<p>Finalitat: Gestionar les sol\u00b7licituds relacionades amb els abonaments disponibles conforme a les tarifes aprovades.<br\/>Legitimaci\u00f3: El consentiment de l&#8217;interessat per a tramitar les seues sol\u00b7licituds.<\/p>\n\n<h4 class=\"wp-block-heading\">Enquestes de satisfacci\u00f3:<\/h4>\n\n<p>Finalitat: remetre als usuaris enquestes de satisfacci\u00f3 per a l&#8217;an\u00e0lisi i millora dels serveis oferits.<br\/>Legitimaci\u00f3: inter\u00e9s leg\u00edtim del responsable del tractament.<\/p>\n\n<h2 class=\"wp-block-heading\">Your contact information<\/h2>\n\n<h2 class=\"wp-block-heading\">4 Dades de navegaci\u00f3 i Pol\u00edtica de Cookies.<\/h2>\n\n<p>La visita a la web de P\u00e0rquing Avinguda de l&#8217;Estaci\u00f3 s&#8217;efectua en forma an\u00f2nima. Solament en el cas que l&#8217;usuari accedir a algun dels serveis de la web que disposen de gesti\u00f3 o tr\u00e0mit espec\u00edfic hauran de subministrar les dades personals imprescindibles per a la prestaci\u00f3 del servei sol\u00b7licitat.<br\/><\/p>\n\n<p>Per a m\u00e9s informaci\u00f3 sobre les cookies visite la nostra <a data-type=\"URL\" data-id=\"\/politica-de-cookies\/\" href=\"https:\/\/parkingestacionalicante.es\/ca\/politica-de-cookies\/\">\u201cPol\u00edtica de cookies\u201d<\/a> El portal web cont\u00e9 enlla\u00e7os a p\u00e0gines web de tercers, les pol\u00edtiques de privacitat dels quals s\u00f3n alienes a aquesta. En accedir a tals llocs web vost\u00e9 pot decidir si accepta les seues pol\u00edtiques de<br\/>privacitat i de cookies. Amb car\u00e0cter general, si navega per internet vost\u00e9 pot acceptar o rebutjar les cookies de tercers des de les opcions de configuraci\u00f3 del seu navegador.<\/p>\n\n<h2 class=\"wp-block-heading\">5 Menors d&#8217;edat.<\/h2>\n\n<p>Nom\u00e9s es preveu el tractament de dades de majors de 14 anys. Els menors d&#8217;aquesta edat no hauran de registrar-se, ni fer \u00fas dels serveis oferits en aquest lloc web.<\/p>\n\n<h2 class=\"wp-block-heading\">6 Dades facilitades per l&#8217;usuari.<\/h2>\n\n<p>Les dades personals sol\u00b7licitades en els formularis s\u00f3n necessaris per a gestionar les seues sol\u00b7licituds i\/o prestar-li els serveis objecte de contractaci\u00f3. En cas de no acceptar la present pol\u00edtica de privacitat L&#8217;usuari haur\u00e0 d&#8217;informar el responsable del tractament de qualsevol modificaci\u00f3 en les seues dades personals. Corporaci\u00f3 Empresarial Vectalia, S. a., no es fa responsable d&#8217;aquells<br\/>errors que hagen pogut oc\u00f3rrer a conseq\u00fc\u00e8ncia de tractament de dades la modificaci\u00f3 de les quals no haguera sigut oportunament notificada per l&#8217;interessat. <\/p>\n\n<p><\/p>\n\n<p>Les dades facilitades per l&#8217;interessat es presumiran correctes, per la qual cosa, en cas que resulten erronis L&#8217;EMPRESA declina qualsevol responsabilitat per la incorrecta execuci\u00f3 o no execuci\u00f3 de les seues sol\u00b7licituds o del contracte en el qual siga part.<br\/><\/p>\n\n<p>A m\u00e9s, l&#8217;interessat respon de la veracitat de les dades facilitades. L&#8217;EMPRESA ES RESERVA el dret a excloure dels serveis que presta a tot interessat que haja facilitat dades falses, sense perjudici de les altres accions que procedisquen en Dret.<\/p>\n\n<p><br\/>No ens fem responsables de la pol\u00edtica de privacitat respecte a les dades personals que puga facilitar a tercers per mitj\u00e0 dels enlla\u00e7os disponibles en la nostra p\u00e0gina web.<\/p>\n\n<h2 class=\"wp-block-heading\">7 Comunicacions de dades.<\/h2>\n\n<p>Les dades personals de l&#8217;usuari podran ser comunicats a altres empreses del Grup Vectalia amb l&#8217;\u00fanica finalitat de contribuir a la prestaci\u00f3 dels serveis oferits i gestionar sol\u00b7licituds i incid\u00e8ncies.<br\/><\/p>\n\n<p>Es podran comunicar dades a les autoritats o administracions p\u00fabliques, forces i cossos de seguretat, autoritats judicials en els casos previstos per la llei.<\/p>\n\n<p>No es preveuen transfer\u00e8ncies internacionals de dades.<\/p>\n\n<h2 class=\"wp-block-heading\">8 Categories especials de dades.<\/h2>\n\n<p>No es preveu el tractament de dades de car\u00e0cter personal especialment protegits, com ara aquells que revelen la ra\u00e7a, l&#8217;origen \u00e8tnic, les opinions pol\u00edtiques, les conviccions o creences religioses o filos\u00f2fiques, l&#8217;afiliaci\u00f3 sindical, dades gen\u00e8tiques, dades biom\u00e8triques, dades relatives a la salut f\u00edsica o mental, dades relatives a la vida sexual o les orientacions sexuals d&#8217;una persona f\u00edsica, dades relatives a condemnes o infraccions penals.<\/p>\n\n<p><br\/>En cap cas es requerir\u00e0 per part del responsable aquesta informaci\u00f3 sense el consentiment expr\u00e9s del titular d&#8217;aqueixes dades (ja siga mitjan\u00e7ant una declaraci\u00f3 o una clara acci\u00f3 afirmativa), per a recaptar i utilitzar aqueixa informaci\u00f3 comunicant a aquest, pr\u00e8via i inequ\u00edvocament, la finalitat de la recollida i tractament d&#8217;aquesta informaci\u00f3.<br\/><\/p>\n\n<p>En cas que, sense haver sigut sol\u00b7licitada per Grup Vectalia, aquesta informaci\u00f3 siga comunicada volunt\u00e0riament per l&#8217;usuari a la citada entitat, aquesta comunicaci\u00f3 suposar\u00e0 un acte expl\u00edcit de l&#8217;usuari que implica l&#8217;exist\u00e8ncia d&#8217;una manifestaci\u00f3 de consentiment expr\u00e9s per l&#8217;usuari respecte del tractament de les seues dades per Grup Vectalia.<\/p>\n\n<h2 class=\"wp-block-heading\">9 Modificaci\u00f3 de la Pol\u00edtica de Privacitat.<\/h2>\n\n<p>Aquesta Pol\u00edtica de Privacitat pot variar en funci\u00f3 d&#8217;exig\u00e8ncies legislatives o d&#8217;autoregulaci\u00f3, per la qual cosa s&#8217;aconsella als usuaris de la nostra web que la visiten peri\u00f2dicament i, en tot cas, cada vegada que vagen a facilitar-nos les seues dades (17 de novembre de 2022).<\/p>\n","protected":false},"excerpt":{"rendered":"<p>1 Introducci\u00f3 La present Pol\u00edtica de Privacitat est\u00e0 destinada a informar els usuaris que visiten la nostra p\u00e0gina web sobre les condicions del Grup Vectalia aplica<span class=\"excerpt-hellip\"> [\u2026]<\/span><\/p>\n","protected":false},"author":1,"featured_media":0,"parent":0,"menu_order":0,"comment_status":"open","ping_status":"closed","template":"","meta":{"footnotes":""},"class_list":["post-413","page","type-page","status-publish","hentry"],"yoast_head":"<!-- This site is optimized with the Yoast SEO plugin v26.4 - https:\/\/yoast.com\/wordpress\/plugins\/seo\/ -->\n<title>Pol\u00edtica de Privacitat - Parking Avenida de la Estaci\u00f3n de Alicante<\/title>\n<meta name=\"robots\" content=\"index, follow, max-snippet:-1, max-image-preview:large, max-video-preview:-1\" \/>\n<link rel=\"canonical\" href=\"https:\/\/parkingestacionalicante.es\/ca\/politica-de-privacitat\/\" \/>\n<meta property=\"og:locale\" content=\"en_US\" \/>\n<meta property=\"og:type\" content=\"article\" \/>\n<meta property=\"og:title\" content=\"Pol\u00edtica de Privacitat - Parking Avenida de la Estaci\u00f3n de Alicante\" \/>\n<meta property=\"og:description\" content=\"1 Introducci\u00f3 La present Pol\u00edtica de Privacitat est\u00e0 destinada a informar els usuaris que visiten la nostra p\u00e0gina web sobre les condicions del Grup Vectalia aplica [\u2026]\" \/>\n<meta property=\"og:url\" content=\"https:\/\/parkingestacionalicante.es\/ca\/politica-de-privacitat\/\" \/>\n<meta property=\"og:site_name\" content=\"Parking Avenida de la Estaci\u00f3n de Alicante\" \/>\n<meta property=\"article:modified_time\" content=\"2023-07-24T11:04:16+00:00\" \/>\n<meta name=\"twitter:card\" content=\"summary_large_image\" \/>\n<meta name=\"twitter:label1\" content=\"Est. reading time\" \/>\n\t<meta name=\"twitter:data1\" content=\"7 minutes\" \/>\n<script type=\"application\/ld+json\" class=\"yoast-schema-graph\">{\"@context\":\"https:\/\/schema.org\",\"@graph\":[{\"@type\":\"WebPage\",\"@id\":\"https:\/\/parkingestacionalicante.es\/ca\/politica-de-privacitat\/\",\"url\":\"https:\/\/parkingestacionalicante.es\/ca\/politica-de-privacitat\/\",\"name\":\"Pol\u00edtica de Privacitat - Parking Avenida de la Estaci\u00f3n de Alicante\",\"isPartOf\":{\"@id\":\"https:\/\/parkingestacionalicante.es\/ca\/#website\"},\"datePublished\":\"2020-09-08T11:27:04+00:00\",\"dateModified\":\"2023-07-24T11:04:16+00:00\",\"breadcrumb\":{\"@id\":\"https:\/\/parkingestacionalicante.es\/ca\/politica-de-privacitat\/#breadcrumb\"},\"inLanguage\":\"val\",\"potentialAction\":[{\"@type\":\"ReadAction\",\"target\":[\"https:\/\/parkingestacionalicante.es\/ca\/politica-de-privacitat\/\"]}]},{\"@type\":\"BreadcrumbList\",\"@id\":\"https:\/\/parkingestacionalicante.es\/ca\/politica-de-privacitat\/#breadcrumb\",\"itemListElement\":[{\"@type\":\"ListItem\",\"position\":1,\"name\":\"Portada\",\"item\":\"https:\/\/parkingestacionalicante.es\/ca\/\"},{\"@type\":\"ListItem\",\"position\":2,\"name\":\"Pol\u00edtica de Privacitat\"}]},{\"@type\":\"WebSite\",\"@id\":\"https:\/\/parkingestacionalicante.es\/ca\/#website\",\"url\":\"https:\/\/parkingestacionalicante.es\/ca\/\",\"name\":\"Parking Avenida de la Estaci\u00f3n, Alicante\",\"description\":\"El Parking de la estaci\u00f3n de Alicante\",\"publisher\":{\"@id\":\"https:\/\/parkingestacionalicante.es\/ca\/#organization\"},\"alternateName\":\"Parking de la Estaci\u00f3n Alicante\",\"potentialAction\":[{\"@type\":\"SearchAction\",\"target\":{\"@type\":\"EntryPoint\",\"urlTemplate\":\"https:\/\/parkingestacionalicante.es\/ca\/?s={search_term_string}\"},\"query-input\":{\"@type\":\"PropertyValueSpecification\",\"valueRequired\":true,\"valueName\":\"search_term_string\"}}],\"inLanguage\":\"val\"},{\"@type\":\"Organization\",\"@id\":\"https:\/\/parkingestacionalicante.es\/ca\/#organization\",\"name\":\"Parking Avenida de la Estaci\u00f3n, Vectalia.\",\"alternateName\":\"Parking Avenida de la Estaci\u00f3n, Vectalia.\",\"url\":\"https:\/\/parkingestacionalicante.es\/ca\/\",\"logo\":{\"@type\":\"ImageObject\",\"inLanguage\":\"val\",\"@id\":\"https:\/\/parkingestacionalicante.es\/ca\/#\/schema\/logo\/image\/\",\"url\":\"https:\/\/parkingestacionalicante.es\/wp-content\/uploads\/2022\/11\/cropped-LOGO-PARKING-AVDA-ESTACION.png\",\"contentUrl\":\"https:\/\/parkingestacionalicante.es\/wp-content\/uploads\/2022\/11\/cropped-LOGO-PARKING-AVDA-ESTACION.png\",\"width\":2287,\"height\":552,\"caption\":\"Parking Avenida de la Estaci\u00f3n, Vectalia.\"},\"image\":{\"@id\":\"https:\/\/parkingestacionalicante.es\/ca\/#\/schema\/logo\/image\/\"}}]}<\/script>\n<!-- \/ Yoast SEO plugin. -->","yoast_head_json":{"title":"Pol\u00edtica de Privacitat - Parking Avenida de la Estaci\u00f3n de Alicante","robots":{"index":"index","follow":"follow","max-snippet":"max-snippet:-1","max-image-preview":"max-image-preview:large","max-video-preview":"max-video-preview:-1"},"canonical":"https:\/\/parkingestacionalicante.es\/ca\/politica-de-privacitat\/","og_locale":"en_US","og_type":"article","og_title":"Pol\u00edtica de Privacitat - Parking Avenida de la Estaci\u00f3n de Alicante","og_description":"1 Introducci\u00f3 La present Pol\u00edtica de Privacitat est\u00e0 destinada a informar els usuaris que visiten la nostra p\u00e0gina web sobre les condicions del Grup Vectalia aplica [\u2026]","og_url":"https:\/\/parkingestacionalicante.es\/ca\/politica-de-privacitat\/","og_site_name":"Parking Avenida de la Estaci\u00f3n de Alicante","article_modified_time":"2023-07-24T11:04:16+00:00","twitter_card":"summary_large_image","twitter_misc":{"Est. reading time":"7 minutes"},"schema":{"@context":"https:\/\/schema.org","@graph":[{"@type":"WebPage","@id":"https:\/\/parkingestacionalicante.es\/ca\/politica-de-privacitat\/","url":"https:\/\/parkingestacionalicante.es\/ca\/politica-de-privacitat\/","name":"Pol\u00edtica de Privacitat - Parking Avenida de la Estaci\u00f3n de Alicante","isPartOf":{"@id":"https:\/\/parkingestacionalicante.es\/ca\/#website"},"datePublished":"2020-09-08T11:27:04+00:00","dateModified":"2023-07-24T11:04:16+00:00","breadcrumb":{"@id":"https:\/\/parkingestacionalicante.es\/ca\/politica-de-privacitat\/#breadcrumb"},"inLanguage":"val","potentialAction":[{"@type":"ReadAction","target":["https:\/\/parkingestacionalicante.es\/ca\/politica-de-privacitat\/"]}]},{"@type":"BreadcrumbList","@id":"https:\/\/parkingestacionalicante.es\/ca\/politica-de-privacitat\/#breadcrumb","itemListElement":[{"@type":"ListItem","position":1,"name":"Portada","item":"https:\/\/parkingestacionalicante.es\/ca\/"},{"@type":"ListItem","position":2,"name":"Pol\u00edtica de Privacitat"}]},{"@type":"WebSite","@id":"https:\/\/parkingestacionalicante.es\/ca\/#website","url":"https:\/\/parkingestacionalicante.es\/ca\/","name":"Parking Avenida de la Estaci\u00f3n, Alicante","description":"El Parking de la estaci\u00f3n de Alicante","publisher":{"@id":"https:\/\/parkingestacionalicante.es\/ca\/#organization"},"alternateName":"Parking de la Estaci\u00f3n Alicante","potentialAction":[{"@type":"SearchAction","target":{"@type":"EntryPoint","urlTemplate":"https:\/\/parkingestacionalicante.es\/ca\/?s={search_term_string}"},"query-input":{"@type":"PropertyValueSpecification","valueRequired":true,"valueName":"search_term_string"}}],"inLanguage":"val"},{"@type":"Organization","@id":"https:\/\/parkingestacionalicante.es\/ca\/#organization","name":"Parking Avenida de la Estaci\u00f3n, Vectalia.","alternateName":"Parking Avenida de la Estaci\u00f3n, Vectalia.","url":"https:\/\/parkingestacionalicante.es\/ca\/","logo":{"@type":"ImageObject","inLanguage":"val","@id":"https:\/\/parkingestacionalicante.es\/ca\/#\/schema\/logo\/image\/","url":"https:\/\/parkingestacionalicante.es\/wp-content\/uploads\/2022\/11\/cropped-LOGO-PARKING-AVDA-ESTACION.png","contentUrl":"https:\/\/parkingestacionalicante.es\/wp-content\/uploads\/2022\/11\/cropped-LOGO-PARKING-AVDA-ESTACION.png","width":2287,"height":552,"caption":"Parking Avenida de la Estaci\u00f3n, Vectalia."},"image":{"@id":"https:\/\/parkingestacionalicante.es\/ca\/#\/schema\/logo\/image\/"}}]}},"_links":{"self":[{"href":"https:\/\/parkingestacionalicante.es\/ca\/wp-json\/wp\/v2\/pages\/413","targetHints":{"allow":["GET"]}}],"collection":[{"href":"https:\/\/parkingestacionalicante.es\/ca\/wp-json\/wp\/v2\/pages"}],"about":[{"href":"https:\/\/parkingestacionalicante.es\/ca\/wp-json\/wp\/v2\/types\/page"}],"author":[{"embeddable":true,"href":"https:\/\/parkingestacionalicante.es\/ca\/wp-json\/wp\/v2\/users\/1"}],"replies":[{"embeddable":true,"href":"https:\/\/parkingestacionalicante.es\/ca\/wp-json\/wp\/v2\/comments?post=413"}],"version-history":[{"count":0,"href":"https:\/\/parkingestacionalicante.es\/ca\/wp-json\/wp\/v2\/pages\/413\/revisions"}],"wp:attachment":[{"href":"https:\/\/parkingestacionalicante.es\/ca\/wp-json\/wp\/v2\/media?parent=413"}],"curies":[{"name":"wp","href":"https:\/\/api.w.org\/{rel}","templated":true}]}}