{"id":409,"date":"2022-11-29T05:24:16","date_gmt":"2022-11-29T05:24:16","guid":{"rendered":"https:\/\/parkingestacionalicante.es\/politica-de-cookies\/"},"modified":"2023-07-24T07:19:42","modified_gmt":"2023-07-24T07:19:42","slug":"politica-de-cookies","status":"publish","type":"page","link":"https:\/\/parkingestacionalicante.es\/ca\/politica-de-cookies\/","title":{"rendered":"Pol\u00edtica de Cookies"},"content":{"rendered":"\n<h2 class=\"wp-block-heading\">\u00das de Cookies<\/h2>\n\n<p>Aquest lloc web propietat de Grup Vectalia utilitza cookies pr\u00f2pies i de tercers. Les cookies s\u00f3n xicotets arxius d&#8217;informaci\u00f3 que s&#8217;emmagatzemen en l&#8217;ordinador de qui accedeix a la p\u00e0gina per al correcte funcionament i visualitzaci\u00f3 del lloc web, aix\u00ed com per a la recollida d&#8217;estad\u00edstiques. <\/p>\n\n<p>Les cookies actives en el lloc web <a href=\"\/inicio\/\" data-type=\"URL\" data-id=\"\/inicio\/\">www.parkingestacionalicante.es<\/a> tenen per finalitat facilitar el correcte funcionament del lloc web i recaptar estad\u00edstiques. <\/p>\n\n<p>En concret utilitzem les seg\u00fcents: <\/p>\n\n<figure class=\"wp-block-table\"><table><tbody><tr><td>Nom<\/td><td>Domini<\/td><td>Duraci\u00f3<\/td><td>Finalitat<\/td><\/tr><tr><td>_ga<\/td><td>parkingestacionalicante.es<\/td><td>10 hores<\/td><td>Genera un identificador \u00fanic que permet comprovar quantes vegades es visita un lloc i les dates de visita. <\/td><\/tr><tr><td>_gat<\/td><td>parkingestacionalicante.es<\/td><td>10 hores<\/td><td>Genera un identificador \u00fanic que permet comprovar quantes vegades es visita un lloc i les dates de visita.<\/td><\/tr><tr><td>_gid<\/td><td>parkingestacionalicante.es<\/td><td>24 hores<\/td><td>Permet distingir usuaris. <\/td><\/tr><tr><td>guest_id<\/td><td>www.twitter.com<\/td><td>2 anys<\/td><td>Cookie usada per Twitter per a visualitzar contingut de Twitter en aquesta p\u00e0gina web. <\/td><\/tr><tr><td>_ga<\/td><td>www.twitter.com<\/td><td>2 anys<\/td><td>Genera un identificador \u00fanic que permet distingir usuaris. <\/td><\/tr><tr><td>Perzonalization_id<\/td><td>www.twitter.com<\/td><td>2 anys<\/td><td>Permet les funcions d&#8217;intercanvi per a les xarxes socials. <\/td><\/tr><tr><td>fr<\/td><td>www.facebook.com<\/td><td>1 mes<\/td><td>Serveix per a mostrar, mesurar i millorar la pertin\u00e8ncia dels anuncis. <\/td><\/tr><\/tbody><\/table><\/figure>\n<p>L&#8217;usuari pot triar quines cookies vol que funcionen en aquest lloc web mitjan\u00e7ant la configuraci\u00f3 del navegador:<\/p>\n\n<ul class=\"wp-block-list\">\n<li><strong>Chrome<\/strong>, desde <em><a rel=\"noreferrer noopener\" href=\"https:\/\/support.google.com\/chrome\/answer\/95647?hl=es\" target=\"_blank\">https:\/\/support.google.com\/chrome\/answer\/95647?hl=es<\/a><\/em><\/li>\n\n\n\n<li><strong>Explorer<\/strong>, desde <em><a rel=\"noreferrer noopener\" href=\"https:\/\/support.microsoft.com\/es-es\/windows\/eliminar-y-administrar-cookies-168dab11-0753-043d-7c16-ede5947fc64d\" target=\"_blank\">https:\/\/support.microsoft.com\/es-es\/windows\/eliminar-y-administrar-cookies-168dab11-0753-043d-7c16-ede5947fc64d<\/a><\/em><\/li>\n\n\n\n<li><strong>Firefox<\/strong>, desde <em><a rel=\"noreferrer noopener\" href=\"https:\/\/support.mozilla.org\/es\/kb\/habilitar-y-deshabilitar-cookies-sitios-web-rastrear-preferencias\" target=\"_blank\">https:\/\/support.mozilla.org\/es\/kb\/habilitar-y-deshabilitar-cookies-sitios-web-rastrear-preferencias<\/a><\/em><\/li>\n\n\n\n<li><strong>Safari<\/strong>, desde <em><a rel=\"noreferrer noopener\" href=\"https:\/\/support.apple.com\/es-es\/guide\/safari\/sfri11471\/mac\" target=\"_blank\">https:\/\/support.apple.com\/es-es\/guide\/safari\/sfri11471\/mac<\/a><\/em><\/li>\n<\/ul>\n\n<p><\/p>\n","protected":false},"excerpt":{"rendered":"<p>\u00das de Cookies Aquest lloc web propietat de Grup Vectalia utilitza cookies pr\u00f2pies i de tercers. Les cookies s\u00f3n xicotets arxius d&#8217;informaci\u00f3 que s&#8217;emmagatzemen en l&#8217;ordinador<span class=\"excerpt-hellip\"> [\u2026]<\/span><\/p>\n","protected":false},"author":1,"featured_media":0,"parent":0,"menu_order":0,"comment_status":"open","ping_status":"closed","template":"","meta":{"footnotes":""},"class_list":["post-409","page","type-page","status-publish","hentry"],"yoast_head":"<!-- This site is optimized with the Yoast SEO plugin v26.4 - https:\/\/yoast.com\/wordpress\/plugins\/seo\/ -->\n<title>Pol\u00edtica de Cookies - Parking Avenida de la Estaci\u00f3n de Alicante<\/title>\n<meta name=\"robots\" content=\"index, follow, max-snippet:-1, max-image-preview:large, max-video-preview:-1\" \/>\n<link rel=\"canonical\" href=\"https:\/\/parkingestacionalicante.es\/ca\/politica-de-cookies\/\" \/>\n<meta property=\"og:locale\" content=\"en_US\" \/>\n<meta property=\"og:type\" content=\"article\" \/>\n<meta property=\"og:title\" content=\"Pol\u00edtica de Cookies - Parking Avenida de la Estaci\u00f3n de Alicante\" \/>\n<meta property=\"og:description\" content=\"\u00das de Cookies Aquest lloc web propietat de Grup Vectalia utilitza cookies pr\u00f2pies i de tercers. Les cookies s\u00f3n xicotets arxius d&#8217;informaci\u00f3 que s&#8217;emmagatzemen en l&#8217;ordinador [\u2026]\" \/>\n<meta property=\"og:url\" content=\"https:\/\/parkingestacionalicante.es\/ca\/politica-de-cookies\/\" \/>\n<meta property=\"og:site_name\" content=\"Parking Avenida de la Estaci\u00f3n de Alicante\" \/>\n<meta property=\"article:modified_time\" content=\"2023-07-24T07:19:42+00:00\" \/>\n<meta name=\"twitter:card\" content=\"summary_large_image\" \/>\n<meta name=\"twitter:label1\" content=\"Est. reading time\" \/>\n\t<meta name=\"twitter:data1\" content=\"1 minute\" \/>\n<script type=\"application\/ld+json\" class=\"yoast-schema-graph\">{\"@context\":\"https:\/\/schema.org\",\"@graph\":[{\"@type\":\"WebPage\",\"@id\":\"https:\/\/parkingestacionalicante.es\/ca\/politica-de-cookies\/\",\"url\":\"https:\/\/parkingestacionalicante.es\/ca\/politica-de-cookies\/\",\"name\":\"Pol\u00edtica de Cookies - Parking Avenida de la Estaci\u00f3n de Alicante\",\"isPartOf\":{\"@id\":\"https:\/\/parkingestacionalicante.es\/ca\/#website\"},\"datePublished\":\"2022-11-29T05:24:16+00:00\",\"dateModified\":\"2023-07-24T07:19:42+00:00\",\"breadcrumb\":{\"@id\":\"https:\/\/parkingestacionalicante.es\/ca\/politica-de-cookies\/#breadcrumb\"},\"inLanguage\":\"val\",\"potentialAction\":[{\"@type\":\"ReadAction\",\"target\":[\"https:\/\/parkingestacionalicante.es\/ca\/politica-de-cookies\/\"]}]},{\"@type\":\"BreadcrumbList\",\"@id\":\"https:\/\/parkingestacionalicante.es\/ca\/politica-de-cookies\/#breadcrumb\",\"itemListElement\":[{\"@type\":\"ListItem\",\"position\":1,\"name\":\"Portada\",\"item\":\"https:\/\/parkingestacionalicante.es\/ca\/\"},{\"@type\":\"ListItem\",\"position\":2,\"name\":\"Pol\u00edtica de Cookies\"}]},{\"@type\":\"WebSite\",\"@id\":\"https:\/\/parkingestacionalicante.es\/ca\/#website\",\"url\":\"https:\/\/parkingestacionalicante.es\/ca\/\",\"name\":\"Parking Avenida de la Estaci\u00f3n, Alicante\",\"description\":\"El Parking de la estaci\u00f3n de Alicante\",\"publisher\":{\"@id\":\"https:\/\/parkingestacionalicante.es\/ca\/#organization\"},\"alternateName\":\"Parking de la Estaci\u00f3n Alicante\",\"potentialAction\":[{\"@type\":\"SearchAction\",\"target\":{\"@type\":\"EntryPoint\",\"urlTemplate\":\"https:\/\/parkingestacionalicante.es\/ca\/?s={search_term_string}\"},\"query-input\":{\"@type\":\"PropertyValueSpecification\",\"valueRequired\":true,\"valueName\":\"search_term_string\"}}],\"inLanguage\":\"val\"},{\"@type\":\"Organization\",\"@id\":\"https:\/\/parkingestacionalicante.es\/ca\/#organization\",\"name\":\"Parking Avenida de la Estaci\u00f3n, Vectalia.\",\"alternateName\":\"Parking Avenida de la Estaci\u00f3n, Vectalia.\",\"url\":\"https:\/\/parkingestacionalicante.es\/ca\/\",\"logo\":{\"@type\":\"ImageObject\",\"inLanguage\":\"val\",\"@id\":\"https:\/\/parkingestacionalicante.es\/ca\/#\/schema\/logo\/image\/\",\"url\":\"https:\/\/parkingestacionalicante.es\/wp-content\/uploads\/2022\/11\/cropped-LOGO-PARKING-AVDA-ESTACION.png\",\"contentUrl\":\"https:\/\/parkingestacionalicante.es\/wp-content\/uploads\/2022\/11\/cropped-LOGO-PARKING-AVDA-ESTACION.png\",\"width\":2287,\"height\":552,\"caption\":\"Parking Avenida de la Estaci\u00f3n, Vectalia.\"},\"image\":{\"@id\":\"https:\/\/parkingestacionalicante.es\/ca\/#\/schema\/logo\/image\/\"}}]}<\/script>\n<!-- \/ Yoast SEO plugin. -->","yoast_head_json":{"title":"Pol\u00edtica de Cookies - Parking Avenida de la Estaci\u00f3n de Alicante","robots":{"index":"index","follow":"follow","max-snippet":"max-snippet:-1","max-image-preview":"max-image-preview:large","max-video-preview":"max-video-preview:-1"},"canonical":"https:\/\/parkingestacionalicante.es\/ca\/politica-de-cookies\/","og_locale":"en_US","og_type":"article","og_title":"Pol\u00edtica de Cookies - Parking Avenida de la Estaci\u00f3n de Alicante","og_description":"\u00das de Cookies Aquest lloc web propietat de Grup Vectalia utilitza cookies pr\u00f2pies i de tercers. Les cookies s\u00f3n xicotets arxius d&#8217;informaci\u00f3 que s&#8217;emmagatzemen en l&#8217;ordinador [\u2026]","og_url":"https:\/\/parkingestacionalicante.es\/ca\/politica-de-cookies\/","og_site_name":"Parking Avenida de la Estaci\u00f3n de Alicante","article_modified_time":"2023-07-24T07:19:42+00:00","twitter_card":"summary_large_image","twitter_misc":{"Est. reading time":"1 minute"},"schema":{"@context":"https:\/\/schema.org","@graph":[{"@type":"WebPage","@id":"https:\/\/parkingestacionalicante.es\/ca\/politica-de-cookies\/","url":"https:\/\/parkingestacionalicante.es\/ca\/politica-de-cookies\/","name":"Pol\u00edtica de Cookies - Parking Avenida de la Estaci\u00f3n de Alicante","isPartOf":{"@id":"https:\/\/parkingestacionalicante.es\/ca\/#website"},"datePublished":"2022-11-29T05:24:16+00:00","dateModified":"2023-07-24T07:19:42+00:00","breadcrumb":{"@id":"https:\/\/parkingestacionalicante.es\/ca\/politica-de-cookies\/#breadcrumb"},"inLanguage":"val","potentialAction":[{"@type":"ReadAction","target":["https:\/\/parkingestacionalicante.es\/ca\/politica-de-cookies\/"]}]},{"@type":"BreadcrumbList","@id":"https:\/\/parkingestacionalicante.es\/ca\/politica-de-cookies\/#breadcrumb","itemListElement":[{"@type":"ListItem","position":1,"name":"Portada","item":"https:\/\/parkingestacionalicante.es\/ca\/"},{"@type":"ListItem","position":2,"name":"Pol\u00edtica de Cookies"}]},{"@type":"WebSite","@id":"https:\/\/parkingestacionalicante.es\/ca\/#website","url":"https:\/\/parkingestacionalicante.es\/ca\/","name":"Parking Avenida de la Estaci\u00f3n, Alicante","description":"El Parking de la estaci\u00f3n de Alicante","publisher":{"@id":"https:\/\/parkingestacionalicante.es\/ca\/#organization"},"alternateName":"Parking de la Estaci\u00f3n Alicante","potentialAction":[{"@type":"SearchAction","target":{"@type":"EntryPoint","urlTemplate":"https:\/\/parkingestacionalicante.es\/ca\/?s={search_term_string}"},"query-input":{"@type":"PropertyValueSpecification","valueRequired":true,"valueName":"search_term_string"}}],"inLanguage":"val"},{"@type":"Organization","@id":"https:\/\/parkingestacionalicante.es\/ca\/#organization","name":"Parking Avenida de la Estaci\u00f3n, Vectalia.","alternateName":"Parking Avenida de la Estaci\u00f3n, Vectalia.","url":"https:\/\/parkingestacionalicante.es\/ca\/","logo":{"@type":"ImageObject","inLanguage":"val","@id":"https:\/\/parkingestacionalicante.es\/ca\/#\/schema\/logo\/image\/","url":"https:\/\/parkingestacionalicante.es\/wp-content\/uploads\/2022\/11\/cropped-LOGO-PARKING-AVDA-ESTACION.png","contentUrl":"https:\/\/parkingestacionalicante.es\/wp-content\/uploads\/2022\/11\/cropped-LOGO-PARKING-AVDA-ESTACION.png","width":2287,"height":552,"caption":"Parking Avenida de la Estaci\u00f3n, Vectalia."},"image":{"@id":"https:\/\/parkingestacionalicante.es\/ca\/#\/schema\/logo\/image\/"}}]}},"_links":{"self":[{"href":"https:\/\/parkingestacionalicante.es\/ca\/wp-json\/wp\/v2\/pages\/409","targetHints":{"allow":["GET"]}}],"collection":[{"href":"https:\/\/parkingestacionalicante.es\/ca\/wp-json\/wp\/v2\/pages"}],"about":[{"href":"https:\/\/parkingestacionalicante.es\/ca\/wp-json\/wp\/v2\/types\/page"}],"author":[{"embeddable":true,"href":"https:\/\/parkingestacionalicante.es\/ca\/wp-json\/wp\/v2\/users\/1"}],"replies":[{"embeddable":true,"href":"https:\/\/parkingestacionalicante.es\/ca\/wp-json\/wp\/v2\/comments?post=409"}],"version-history":[{"count":0,"href":"https:\/\/parkingestacionalicante.es\/ca\/wp-json\/wp\/v2\/pages\/409\/revisions"}],"wp:attachment":[{"href":"https:\/\/parkingestacionalicante.es\/ca\/wp-json\/wp\/v2\/media?parent=409"}],"curies":[{"name":"wp","href":"https:\/\/api.w.org\/{rel}","templated":true}]}}