{"id":399,"date":"2022-11-29T05:05:44","date_gmt":"2022-11-29T05:05:44","guid":{"rendered":"https:\/\/parkingestacionalicante.es\/avis-legal\/"},"modified":"2023-07-24T08:41:06","modified_gmt":"2023-07-24T08:41:06","slug":"avis-legal","status":"publish","type":"page","link":"https:\/\/parkingestacionalicante.es\/ca\/avis-legal\/","title":{"rendered":"Av\u00eds Legal"},"content":{"rendered":"\n<h2 class=\"wp-block-heading\">1 Introducci\u00f3<\/h2>\n\n<p>Conforme al que s&#8217;estableix en l&#8217;article 10 de la Llei de Serveis de la Societat de la Informaci\u00f3 (LSSI) se l&#8217;informa que el lloc web www.parkingestacionalicante.es ha sigut creat amb la finalitat de facilitar al p\u00fablic en general informaci\u00f3 relativa al funcionament del P\u00e0rquing de l&#8217;Avinguda de l&#8217;Estaci\u00f3 d&#8217;Alacant, els seus serveis i tarifes, entre altres. L&#8217;usuari ha de llegir atentament el present av\u00eds legal cada vegada que accedisca a aquest lloc web ja que les condicions d&#8217;\u00fas recollides en el present av\u00eds legal poden patir modificacions.<\/p>\n\n<p><br\/>La titularitat del lloc web correspon a la societat Corporaci\u00f3n Empresarial Vectalia, S. a., (d&#8217;ara en avant, Vectalia) amb NIF A-03002094, inscrita en el Registre Mercantil d&#8217;Alacant, fulla A-2317, tom 1207 i foli 11 i l&#8217;adre\u00e7a de correu del qual electr\u00f2nic \u00e9s <a href=\"mailto:info@parkingestacionalicante.es\" target=\"_blank\" rel=\"noreferrer noopener\">info@parkingestacionalicante.es<\/a><\/p>\n\n<h2 class=\"wp-block-heading\">2 Contingut<\/h2>\n\n<h3 class=\"wp-block-heading\"><\/h3>\n\n<p>Tots els continguts ac\u00ed publicats han sigut produ\u00efts o adquirits per Corporaci\u00f3 Empresarial Vectalia, S. a., fent el m\u00e0xim esfor\u00e7 per mantindre&#8217;ls actualitzats i prenent en tot moment les mesures que es consideren m\u00e9s adequades per a garantir l&#8217;acc\u00e9s.<\/p>\n\n<p><br\/>Corporaci\u00f3 Empresarial Vectalia, S. a., no es responsabilitza de les conseq\u00fc\u00e8ncies que puguen derivar-se dels errors en els continguts que puguen apar\u00e9ixer en aquest lloc web proporcionats per tercers. Vectalia es reserva la facultat d&#8217;efectuar en qualsevol moment i sense necessitat de previ avise modificacions o actualitzacions dels seus continguts. Els continguts que es pogueren descarregar en el terminal de l&#8217;usuari no constitueixen en cap cas l&#8217;exist\u00e8ncia de relaci\u00f3 o cap obligaci\u00f3 contractual.<\/p>\n\n<h2 class=\"wp-block-heading\">3 Propietat Intel\u00b7lectual i Industrial<\/h2>\n\n<p>Els drets de propietat intel\u00b7lectual i industrial del present lloc web i dels diferents elements en ell continguts s\u00f3n titularitat de Vectalia o han sigut autoritzats per a ser usats per ell. Es prohibeix la modificaci\u00f3, c\u00f2pia, reproducci\u00f3, desc\u00e0rrega, transmissi\u00f3, distribuci\u00f3 o transformaci\u00f3 dels continguts del present lloc si no es t\u00e9 l&#8217;autoritzaci\u00f3 del titular o es trobe legalment perm\u00e9s. L&#8217;acc\u00e9s al lloc web no suposar\u00e0 en cap cas adquisici\u00f3 de dret de propietat algun sobre els continguts que figuren en aquest.<\/p>\n\n<p><br\/>Alguns dels continguts d&#8217;aquest lloc web poden ser descarregats en el terminal de l&#8217;usuari, sempre que siga per a \u00fas privat i sense cap fi comercial.<\/p>\n\n<h2 class=\"wp-block-heading\">4 Exclusi\u00f3 de Responsabilitat:<\/h2>\n\n<h3 class=\"wp-block-heading\"><\/h3>\n\n<p>L&#8217;acc\u00e9s a aquest lloc web, aix\u00ed com l&#8217;\u00fas que es fa\u00e7a dels continguts publicats en el mateix \u00e9s d&#8217;exclusiva responsabilitat de qui el realitza. Vectalia no respondr\u00e0 de cap conseq\u00fc\u00e8ncia, mal o perjudici que pogueren derivar-se d&#8217;aquest acc\u00e9s o \u00fas dels seus continguts. Vectalia es reserva la possibilitat d&#8217;iniciar accions legals contra els usos no autoritzats o no adequats dels continguts publicats en aquest lloc, aix\u00ed com per la lesi\u00f3 dels drets de propietat intel\u00b7lectual o industrial.<\/p>\n\n<p><br\/>Com a part dels continguts de www.parkingestacionalicante.es, podran oferir-se enlla\u00e7os, directament o indirectament, a recursos o llocs d&#8217;internet que es troben fora del present lloc web. La pres\u00e8ncia d&#8217;aquests enlla\u00e7os tindr\u00e0 una finalitat merament informativa, no constituint en cap cas una invitaci\u00f3 a la contractaci\u00f3 de productes o serveis que s&#8217;oferisquen en el lloc web de dest\u00ed. Vectalia no es responsabilitza dels continguts dels llocs web als quals poguera enlla\u00e7ar fora de les seues p\u00e0gines, ni dels danys o p\u00e8rdues que pogueren ocasionar-se per la connexi\u00f3 o per l&#8217;\u00fas de qualsevol contingut, producte o servei disponible en els llocs web als quals es dirigisquen els enlla\u00e7os.<\/p>\n\n<p><br\/>Vectalia exigir\u00e0 als titulars dels llocs web de dest\u00ed que siguen accessibles a trav\u00e9s d&#8217;enlla\u00e7os existents en la present web el corresponent comprom\u00eds relatiu al fet que els seus continguts no siguen amena\u00e7adors, obscens, difamatoris, pornogr\u00e0fics, xen\u00f2fobs, atemptatori contra la dignitat de la persona o els drets de la inf\u00e0ncia, contraris a la legalitat vigent i en general els continguts de la qual no inciten o constitu\u00efsquen la realitzaci\u00f3 d&#8217;una ofensa penal.<\/p>\n\n<p><br\/>Vectalia no pot garantir la disponibilitat i el correcte funcionament dels enlla\u00e7os a altres llocs web. Vectalia no ser\u00e0 responsable pels perjudicis de qualsevol tipus que puguen sorgir per la falta de disponibilitat del lloc o de qualsevol dels seus continguts. Aquest av\u00eds legal nom\u00e9s \u00e9s aplicable als continguts existents en el lloc web www.parkingestacionalicante.es no sent aplicable en cap cas als continguts recollits o serveis prestats des de llocs web de tercers als quals s&#8217;haja accedit des del lloc web.<\/p>\n\n<h2 class=\"wp-block-heading\">5 Seguretat<\/h2>\n\n<p>Vectalia no es fa responsable dels possibles errors de seguretat que es puguen produir, ni dels possibles danys que puguen causar-se al sistema inform\u00e0tic de l&#8217;usuari (programari i maquinari) o en els fitxers emmagatzemats en aquest, a conseq\u00fc\u00e8ncia de la pres\u00e8ncia de virus en el terminal de l&#8217;usuari utilitzat per a la connexi\u00f3 als serveis i continguts de www.parkingestacionalicante.es, d&#8217;una mal funcionament del navegador o de l&#8217;\u00fas de versions no actualitzats del mateix en particular i en general de mal funcionament o no actualitzaci\u00f3 de qualsevol programa necessari per al funcionament del navegador.<\/p>\n\n<h2 class=\"wp-block-heading\">6 Protecci\u00f3 de dades personals<\/h2>\n\n<p>Per a m\u00e9s informaci\u00f3 accedisca a <a href=\"https:\/\/parkingestacionalicante.es\/ca\/politica-de-privacitat\/\" data-type=\"URL\" data-id=\"\/politica-privacidad\/\">\u201cPOL\u00cdTICA DE PRIVACITAT\u201d<\/a> i \u201c<a href=\"https:\/\/parkingestacionalicante.es\/ca\/politica-de-cookies\/\" data-type=\"URL\" data-id=\"\/politica-de-cookies\/\">POL\u00cdTICA<\/a> <a href=\"https:\/\/parkingestacionalicante.es\/ca\/politica-de-cookies\/\" data-type=\"page\" data-id=\"143\">DE COOKIES<\/a>\u201d.<\/p>\n\n<h4 class=\"wp-block-heading\"><\/h4>\n\n<p><\/p>\n\n<h4 class=\"wp-block-heading\"><\/h4>\n\n<p><\/p>\n\n<h4 class=\"wp-block-heading\"><\/h4>\n\n<p><\/p>\n\n<h4 class=\"wp-block-heading\"><\/h4>\n\n<p><\/p>\n\n<h2 class=\"wp-block-heading\"><\/h2>\n\n<h2 class=\"wp-block-heading\"><\/h2>\n\n<p><\/p>\n\n<h2 class=\"wp-block-heading\"><\/h2>\n\n<p><\/p>\n\n<h2 class=\"wp-block-heading\"><\/h2>\n\n<p><\/p>\n\n<h2 class=\"wp-block-heading\"><\/h2>\n\n<p><\/p>\n","protected":false},"excerpt":{"rendered":"<p>1 Introducci\u00f3 Conforme al que s&#8217;estableix en l&#8217;article 10 de la Llei de Serveis de la Societat de la Informaci\u00f3 (LSSI) se l&#8217;informa que el lloc<span class=\"excerpt-hellip\"> [\u2026]<\/span><\/p>\n","protected":false},"author":1,"featured_media":0,"parent":0,"menu_order":0,"comment_status":"open","ping_status":"closed","template":"","meta":{"footnotes":""},"class_list":["post-399","page","type-page","status-publish","hentry"],"yoast_head":"<!-- This site is optimized with the Yoast SEO plugin v26.4 - https:\/\/yoast.com\/wordpress\/plugins\/seo\/ -->\n<title>Av\u00eds Legal - Parking Avenida de la Estaci\u00f3n de Alicante<\/title>\n<meta name=\"robots\" content=\"index, follow, max-snippet:-1, max-image-preview:large, max-video-preview:-1\" \/>\n<link rel=\"canonical\" href=\"https:\/\/parkingestacionalicante.es\/ca\/avis-legal\/\" \/>\n<meta property=\"og:locale\" content=\"en_US\" \/>\n<meta property=\"og:type\" content=\"article\" \/>\n<meta property=\"og:title\" content=\"Av\u00eds Legal - Parking Avenida de la Estaci\u00f3n de Alicante\" \/>\n<meta property=\"og:description\" content=\"1 Introducci\u00f3 Conforme al que s&#8217;estableix en l&#8217;article 10 de la Llei de Serveis de la Societat de la Informaci\u00f3 (LSSI) se l&#8217;informa que el lloc [\u2026]\" \/>\n<meta property=\"og:url\" content=\"https:\/\/parkingestacionalicante.es\/ca\/avis-legal\/\" \/>\n<meta property=\"og:site_name\" content=\"Parking Avenida de la Estaci\u00f3n de Alicante\" \/>\n<meta property=\"article:modified_time\" content=\"2023-07-24T08:41:06+00:00\" \/>\n<meta name=\"twitter:card\" content=\"summary_large_image\" \/>\n<meta name=\"twitter:label1\" content=\"Est. reading time\" \/>\n\t<meta name=\"twitter:data1\" content=\"4 minutes\" \/>\n<script type=\"application\/ld+json\" class=\"yoast-schema-graph\">{\"@context\":\"https:\/\/schema.org\",\"@graph\":[{\"@type\":\"WebPage\",\"@id\":\"https:\/\/parkingestacionalicante.es\/ca\/avis-legal\/\",\"url\":\"https:\/\/parkingestacionalicante.es\/ca\/avis-legal\/\",\"name\":\"Av\u00eds Legal - Parking Avenida de la Estaci\u00f3n de Alicante\",\"isPartOf\":{\"@id\":\"https:\/\/parkingestacionalicante.es\/ca\/#website\"},\"datePublished\":\"2022-11-29T05:05:44+00:00\",\"dateModified\":\"2023-07-24T08:41:06+00:00\",\"breadcrumb\":{\"@id\":\"https:\/\/parkingestacionalicante.es\/ca\/avis-legal\/#breadcrumb\"},\"inLanguage\":\"val\",\"potentialAction\":[{\"@type\":\"ReadAction\",\"target\":[\"https:\/\/parkingestacionalicante.es\/ca\/avis-legal\/\"]}]},{\"@type\":\"BreadcrumbList\",\"@id\":\"https:\/\/parkingestacionalicante.es\/ca\/avis-legal\/#breadcrumb\",\"itemListElement\":[{\"@type\":\"ListItem\",\"position\":1,\"name\":\"Portada\",\"item\":\"https:\/\/parkingestacionalicante.es\/ca\/\"},{\"@type\":\"ListItem\",\"position\":2,\"name\":\"Av\u00eds Legal\"}]},{\"@type\":\"WebSite\",\"@id\":\"https:\/\/parkingestacionalicante.es\/ca\/#website\",\"url\":\"https:\/\/parkingestacionalicante.es\/ca\/\",\"name\":\"Parking Avenida de la Estaci\u00f3n, Alicante\",\"description\":\"El Parking de la estaci\u00f3n de Alicante\",\"publisher\":{\"@id\":\"https:\/\/parkingestacionalicante.es\/ca\/#organization\"},\"alternateName\":\"Parking de la Estaci\u00f3n Alicante\",\"potentialAction\":[{\"@type\":\"SearchAction\",\"target\":{\"@type\":\"EntryPoint\",\"urlTemplate\":\"https:\/\/parkingestacionalicante.es\/ca\/?s={search_term_string}\"},\"query-input\":{\"@type\":\"PropertyValueSpecification\",\"valueRequired\":true,\"valueName\":\"search_term_string\"}}],\"inLanguage\":\"val\"},{\"@type\":\"Organization\",\"@id\":\"https:\/\/parkingestacionalicante.es\/ca\/#organization\",\"name\":\"Parking Avenida de la Estaci\u00f3n, Vectalia.\",\"alternateName\":\"Parking Avenida de la Estaci\u00f3n, Vectalia.\",\"url\":\"https:\/\/parkingestacionalicante.es\/ca\/\",\"logo\":{\"@type\":\"ImageObject\",\"inLanguage\":\"val\",\"@id\":\"https:\/\/parkingestacionalicante.es\/ca\/#\/schema\/logo\/image\/\",\"url\":\"https:\/\/parkingestacionalicante.es\/wp-content\/uploads\/2022\/11\/cropped-LOGO-PARKING-AVDA-ESTACION.png\",\"contentUrl\":\"https:\/\/parkingestacionalicante.es\/wp-content\/uploads\/2022\/11\/cropped-LOGO-PARKING-AVDA-ESTACION.png\",\"width\":2287,\"height\":552,\"caption\":\"Parking Avenida de la Estaci\u00f3n, Vectalia.\"},\"image\":{\"@id\":\"https:\/\/parkingestacionalicante.es\/ca\/#\/schema\/logo\/image\/\"}}]}<\/script>\n<!-- \/ Yoast SEO plugin. -->","yoast_head_json":{"title":"Av\u00eds Legal - Parking Avenida de la Estaci\u00f3n de Alicante","robots":{"index":"index","follow":"follow","max-snippet":"max-snippet:-1","max-image-preview":"max-image-preview:large","max-video-preview":"max-video-preview:-1"},"canonical":"https:\/\/parkingestacionalicante.es\/ca\/avis-legal\/","og_locale":"en_US","og_type":"article","og_title":"Av\u00eds Legal - Parking Avenida de la Estaci\u00f3n de Alicante","og_description":"1 Introducci\u00f3 Conforme al que s&#8217;estableix en l&#8217;article 10 de la Llei de Serveis de la Societat de la Informaci\u00f3 (LSSI) se l&#8217;informa que el lloc [\u2026]","og_url":"https:\/\/parkingestacionalicante.es\/ca\/avis-legal\/","og_site_name":"Parking Avenida de la Estaci\u00f3n de Alicante","article_modified_time":"2023-07-24T08:41:06+00:00","twitter_card":"summary_large_image","twitter_misc":{"Est. reading time":"4 minutes"},"schema":{"@context":"https:\/\/schema.org","@graph":[{"@type":"WebPage","@id":"https:\/\/parkingestacionalicante.es\/ca\/avis-legal\/","url":"https:\/\/parkingestacionalicante.es\/ca\/avis-legal\/","name":"Av\u00eds Legal - Parking Avenida de la Estaci\u00f3n de Alicante","isPartOf":{"@id":"https:\/\/parkingestacionalicante.es\/ca\/#website"},"datePublished":"2022-11-29T05:05:44+00:00","dateModified":"2023-07-24T08:41:06+00:00","breadcrumb":{"@id":"https:\/\/parkingestacionalicante.es\/ca\/avis-legal\/#breadcrumb"},"inLanguage":"val","potentialAction":[{"@type":"ReadAction","target":["https:\/\/parkingestacionalicante.es\/ca\/avis-legal\/"]}]},{"@type":"BreadcrumbList","@id":"https:\/\/parkingestacionalicante.es\/ca\/avis-legal\/#breadcrumb","itemListElement":[{"@type":"ListItem","position":1,"name":"Portada","item":"https:\/\/parkingestacionalicante.es\/ca\/"},{"@type":"ListItem","position":2,"name":"Av\u00eds Legal"}]},{"@type":"WebSite","@id":"https:\/\/parkingestacionalicante.es\/ca\/#website","url":"https:\/\/parkingestacionalicante.es\/ca\/","name":"Parking Avenida de la Estaci\u00f3n, Alicante","description":"El Parking de la estaci\u00f3n de Alicante","publisher":{"@id":"https:\/\/parkingestacionalicante.es\/ca\/#organization"},"alternateName":"Parking de la Estaci\u00f3n Alicante","potentialAction":[{"@type":"SearchAction","target":{"@type":"EntryPoint","urlTemplate":"https:\/\/parkingestacionalicante.es\/ca\/?s={search_term_string}"},"query-input":{"@type":"PropertyValueSpecification","valueRequired":true,"valueName":"search_term_string"}}],"inLanguage":"val"},{"@type":"Organization","@id":"https:\/\/parkingestacionalicante.es\/ca\/#organization","name":"Parking Avenida de la Estaci\u00f3n, Vectalia.","alternateName":"Parking Avenida de la Estaci\u00f3n, Vectalia.","url":"https:\/\/parkingestacionalicante.es\/ca\/","logo":{"@type":"ImageObject","inLanguage":"val","@id":"https:\/\/parkingestacionalicante.es\/ca\/#\/schema\/logo\/image\/","url":"https:\/\/parkingestacionalicante.es\/wp-content\/uploads\/2022\/11\/cropped-LOGO-PARKING-AVDA-ESTACION.png","contentUrl":"https:\/\/parkingestacionalicante.es\/wp-content\/uploads\/2022\/11\/cropped-LOGO-PARKING-AVDA-ESTACION.png","width":2287,"height":552,"caption":"Parking Avenida de la Estaci\u00f3n, Vectalia."},"image":{"@id":"https:\/\/parkingestacionalicante.es\/ca\/#\/schema\/logo\/image\/"}}]}},"_links":{"self":[{"href":"https:\/\/parkingestacionalicante.es\/ca\/wp-json\/wp\/v2\/pages\/399","targetHints":{"allow":["GET"]}}],"collection":[{"href":"https:\/\/parkingestacionalicante.es\/ca\/wp-json\/wp\/v2\/pages"}],"about":[{"href":"https:\/\/parkingestacionalicante.es\/ca\/wp-json\/wp\/v2\/types\/page"}],"author":[{"embeddable":true,"href":"https:\/\/parkingestacionalicante.es\/ca\/wp-json\/wp\/v2\/users\/1"}],"replies":[{"embeddable":true,"href":"https:\/\/parkingestacionalicante.es\/ca\/wp-json\/wp\/v2\/comments?post=399"}],"version-history":[{"count":0,"href":"https:\/\/parkingestacionalicante.es\/ca\/wp-json\/wp\/v2\/pages\/399\/revisions"}],"wp:attachment":[{"href":"https:\/\/parkingestacionalicante.es\/ca\/wp-json\/wp\/v2\/media?parent=399"}],"curies":[{"name":"wp","href":"https:\/\/api.w.org\/{rel}","templated":true}]}}